{"id":5920,"date":"2023-09-01T09:15:31","date_gmt":"2023-09-01T06:15:31","guid":{"rendered":"https:\/\/helesnutrition.com\/?page_id=5920"},"modified":"2024-12-02T19:02:23","modified_gmt":"2024-12-02T17:02:23","slug":"faq","status":"publish","type":"page","link":"https:\/\/helesnutrition.com\/et\/faq\/","title":{"rendered":"FAQ"},"content":{"rendered":"\t\t<div data-elementor-type=\"wp-page\" data-elementor-id=\"5920\" class=\"elementor elementor-5920 elementor-695\" data-elementor-post-type=\"page\">\n\t\t\t\t\t\t\t\t\t<section class=\"elementor-section elementor-top-section elementor-element elementor-element-4d80fcc elementor-section-full_width elementor-section-height-default elementor-section-height-default\" data-id=\"4d80fcc\" data-element_type=\"section\">\n\t\t\t\t\t\t\t<div class=\"elementor-background-overlay\"><\/div>\n\t\t\t\t\t\t\t<div class=\"elementor-container elementor-column-gap-no\">\n\t\t\t\t\t<div class=\"elementor-column elementor-col-100 elementor-top-column elementor-element elementor-element-f76e6b4\" data-id=\"f76e6b4\" data-element_type=\"column\">\n\t\t\t<div class=\"elementor-widget-wrap elementor-element-populated\">\n\t\t\t\t\t\t\t\t<div class=\"elementor-element elementor-element-0ece058 elementor-widget elementor-widget-image\" data-id=\"0ece058\" data-element_type=\"widget\" data-widget_type=\"image.default\">\n\t\t\t\t<div class=\"elementor-widget-container\">\n\t\t\t<style>\/*! elementor - v3.15.0 - 20-08-2023 *\/\n.elementor-widget-image{text-align:center}.elementor-widget-image a{display:inline-block}.elementor-widget-image a img[src$=\".svg\"]{width:48px}.elementor-widget-image img{vertical-align:middle;display:inline-block}<\/style>\t\t\t\t\t\t\t\t\t\t\t\t<img decoding=\"async\" src=\"https:\/\/helesnutrition.com\/wp-content\/uploads\/2023\/09\/Heles-Nutrition-Collagen-Peptides_10.jpg\" title=\"\" alt=\"\" loading=\"lazy\" \/>\t\t\t\t\t\t\t\t\t\t\t\t\t\t\t<\/div>\n\t\t\t\t<\/div>\n\t\t\t\t\t<\/div>\n\t\t<\/div>\n\t\t\t\t\t\t\t<\/div>\n\t\t<\/section>\n\t\t\t\t<section class=\"elementor-section elementor-top-section elementor-element elementor-element-7e18a14 elementor-section-boxed elementor-section-height-default elementor-section-height-default\" data-id=\"7e18a14\" data-element_type=\"section\" data-settings=\"{&quot;background_background&quot;:&quot;classic&quot;}\">\n\t\t\t\t\t\t<div class=\"elementor-container elementor-column-gap-default\">\n\t\t\t\t\t<div class=\"elementor-column elementor-col-100 elementor-top-column elementor-element elementor-element-c7c8c47\" data-id=\"c7c8c47\" data-element_type=\"column\">\n\t\t\t<div class=\"elementor-widget-wrap elementor-element-populated\">\n\t\t\t\t\t\t\t\t<div class=\"elementor-element elementor-element-3f5e34a elementor-widget elementor-widget-heading\" data-id=\"3f5e34a\" data-element_type=\"widget\" data-widget_type=\"heading.default\">\n\t\t\t\t<div class=\"elementor-widget-container\">\n\t\t\t<style>\/*! elementor - v3.15.0 - 20-08-2023 *\/\n.elementor-heading-title{padding:0;margin:0;line-height:1}.elementor-widget-heading .elementor-heading-title[class*=elementor-size-]>a{color:inherit;font-size:inherit;line-height:inherit}.elementor-widget-heading .elementor-heading-title.elementor-size-small{font-size:15px}.elementor-widget-heading .elementor-heading-title.elementor-size-medium{font-size:19px}.elementor-widget-heading .elementor-heading-title.elementor-size-large{font-size:29px}.elementor-widget-heading .elementor-heading-title.elementor-size-xl{font-size:39px}.elementor-widget-heading .elementor-heading-title.elementor-size-xxl{font-size:59px}<\/style><h2 class=\"elementor-heading-title elementor-size-default\">Kas on k\u00fcsimusi?<\/h2>\t\t<\/div>\n\t\t\t\t<\/div>\n\t\t\t\t\t<\/div>\n\t\t<\/div>\n\t\t\t\t\t\t\t<\/div>\n\t\t<\/section>\n\t\t\t\t<section class=\"elementor-section elementor-top-section elementor-element elementor-element-ba45fc4 elementor-section-boxed elementor-section-height-default elementor-section-height-default\" data-id=\"ba45fc4\" data-element_type=\"section\" data-settings=\"{&quot;background_background&quot;:&quot;classic&quot;}\">\n\t\t\t\t\t\t<div class=\"elementor-container elementor-column-gap-default\">\n\t\t\t\t\t<div class=\"elementor-column elementor-col-100 elementor-top-column elementor-element elementor-element-7d4f672\" data-id=\"7d4f672\" data-element_type=\"column\">\n\t\t\t<div class=\"elementor-widget-wrap elementor-element-populated\">\n\t\t\t\t\t\t\t\t<div class=\"elementor-element elementor-element-0ff16e6 elementor-widget elementor-widget-text-editor\" data-id=\"0ff16e6\" data-element_type=\"widget\" data-widget_type=\"text-editor.default\">\n\t\t\t\t<div class=\"elementor-widget-container\">\n\t\t\t<style>\/*! elementor - v3.15.0 - 20-08-2023 *\/\n.elementor-widget-text-editor.elementor-drop-cap-view-stacked .elementor-drop-cap{background-color:#69727d;color:#fff}.elementor-widget-text-editor.elementor-drop-cap-view-framed .elementor-drop-cap{color:#69727d;border:3px solid;background-color:transparent}.elementor-widget-text-editor:not(.elementor-drop-cap-view-default) .elementor-drop-cap{margin-top:8px}.elementor-widget-text-editor:not(.elementor-drop-cap-view-default) .elementor-drop-cap-letter{width:1em;height:1em}.elementor-widget-text-editor .elementor-drop-cap{float:left;text-align:center;line-height:1;font-size:50px}.elementor-widget-text-editor .elementor-drop-cap-letter{display:inline-block}<\/style>\t\t\t\t<p style=\"text-align: center;\">V\u00f5ib-olla on meil vastus!<\/p>\t\t\t\t\t\t<\/div>\n\t\t\t\t<\/div>\n\t\t\t\t\t<\/div>\n\t\t<\/div>\n\t\t\t\t\t\t\t<\/div>\n\t\t<\/section>\n\t\t\t\t<section class=\"elementor-section elementor-top-section elementor-element elementor-element-14d71f8 elementor-section-boxed elementor-section-height-default elementor-section-height-default\" data-id=\"14d71f8\" data-element_type=\"section\" data-settings=\"{&quot;background_background&quot;:&quot;classic&quot;}\">\n\t\t\t\t\t\t\t<div class=\"elementor-background-overlay\"><\/div>\n\t\t\t\t\t\t\t<div class=\"elementor-container elementor-column-gap-default\">\n\t\t\t\t\t<div class=\"elementor-column elementor-col-100 elementor-top-column elementor-element elementor-element-8152174\" data-id=\"8152174\" data-element_type=\"column\">\n\t\t\t<div class=\"elementor-widget-wrap elementor-element-populated\">\n\t\t\t\t\t\t\t\t<div class=\"elementor-element elementor-element-f0a8b60 elementor-widget elementor-widget-text-editor\" data-id=\"f0a8b60\" data-element_type=\"widget\" data-widget_type=\"text-editor.default\">\n\t\t\t\t<div class=\"elementor-widget-container\">\n\t\t\t\t\t\t\t<p><strong>Toode<\/strong><\/p><p><strong>Mis on kollageen?<\/strong><\/p><p>Kollageen on sidekudede, sealhulgas naha, lihaste, sidemete ja liigeste p\u00f5hikomponent. Nagu liim, liimib see oluline struktuurvalk k\u00f5ik meie keha rakud ja koed \u00fcheks organismiks. Just t\u00e4nu sellele kollageeni omadusele on meie nahk vetruv, juuksed tugevad ja k\u00fc\u00fcned vastupidavad.<\/p><p>On teada, et alates 25. eluaastast v\u00e4heneb loomulik kollageeni tootmine organismis. See viib vananemisega seotud probleemideni, nagu naha elastsuse v\u00e4henemine, juuste ja k\u00fc\u00fcnte seisu halvenemine ning liigeste liikuvuse h\u00e4ired.<\/p><p>Viimasel ajal on kollageenil p\u00f5hinevad toidulisandid \u00f5igustatult tohutut populaarsust kogunud tervisest hoolivate inimeste seas.<\/p><p><strong>Kuidas kollageenpeptiidid toimivad?<\/strong><\/p><p>Molekulaarsel tasandil koosneb kollageen kolmest pikast aminohappeahelast, mis moodustavad suure molekulmassiga kolmikheeliksi. Sellisel kujul toodet ei saa inimkeha t\u00f5husalt imendada. Ens\u00fcmaatiliseks h\u00fcdrol\u00fc\u00fcsiks nimetatava tehnoloogilise protsessi tulemusena lagunevad t\u00e4ism\u00f5\u00f5tmelised kollageeni molekulid l\u00fchemateks aminohapete ahelateks, mida nimetataksegi kollageenpeptiidideks. T\u00e4nu nende v\u00e4hendatud molekulmassile omandavad kollageenpeptiidid k\u00f5rge bioloogilise aktiivsuse ning saavad meie organismis vabalt ja t\u00f5husalt imenduda ning aitada kaasa:<\/p><p>&#8211; naha vetruvuse ja elastsuse t\u00f5stmisele;<\/p><p>&#8211; tugevate juuste ja vastupidavate k\u00fc\u00fcnte toetamisele;<\/p><p>&#8211; liigeste, k\u00f5\u00f5luste ja lihaste normaalsele talitlusele.<\/p><p><strong>Millest koosneb Heles Nutrition\u00ae Collagen Peptides?<\/strong><\/p><p>Meie toode koosneb \u00fchest lihtsast koostisosast \u2013 k\u00f5rgekvaliteetsetest veiseliha kollageenpeptiididest. Heles Nutrition\u00ae Collagen Peptides soovitatav p\u00e4evane portsjon (1 kulp) sisaldab 10 grammi I ja III t\u00fc\u00fcpi bioaktiivseid kollageenpeptiide ning 18 aminohapet, sealhulgas 8 asendamatut aminohapet.<\/p><p>Meie toode ei sisalda absoluutselt mingeid t\u00e4iendavaid lisandeid. T\u00e4nu ideaalsele ja puhtale koostisele meie toode omab neutraalset maitset, kergesti lahustuv ning seda saab lisada veele, kohvile, jogurtile, puuviljamahladele, smuutidele ja teistele lemmikjookidele ja -roogadele.<\/p><p>Heles Nutrition\u00ae kollageenpeptiidide kasutamine on lihtne viis lisada kollageeni oma igap\u00e4evasesse men\u00fc\u00fcsse ja seega pakkuda hindamatut tuge naha, juuste, k\u00fc\u00fcnte ja liigeste tervisele.<\/p><p><strong>Millistel eesm\u00e4rkidel on soovitatav v\u00f5tta kollageenpeptiide?<\/strong><\/p><p>On teada, et alates 25. eluaastast v\u00e4heneb loomulik kollageeni tootmine organismis. See viib vananemisega seotud probleemideni, nagu naha elastsuse v\u00e4henemine, juuste ja k\u00fc\u00fcnte seisu halvenemine ning liigeste liikuvuse h\u00e4ired.<\/p><p>Nahale tekivad esimesed kortsud, kaob vetruvus ja elastsus, liigesed muutuvad v\u00e4hem liikuvaks ja neis v\u00f5ivad tekkida valulikud aistingud.<\/p><p>Arvukad uuringud n\u00e4itavad, et kollageeni koostises sisalduvad aminohapped v\u00f5ivad stimuleerida oma kollageeni tootmist organismis.<\/p><p>Oma men\u00fc\u00fcsse lisatavad kollageenpeptiidid v\u00f5ivad kaasa aidata:<\/p><p>&#8211; naha vetruvuse ja elastsuse t\u00f5stmisele;<\/p><p>&#8211; tugevate juuste ja vastupidavate k\u00fc\u00fcnte toetamisele;<\/p><p>&#8211; liigeste, k\u00f5\u00f5luste ja lihaste normaalsele talitlusele.<\/p><p><strong>Millisest vanusest alates on soovitatav v\u00f5tta kollageenpeptiide?<\/strong><\/p><p>Kollageenil p\u00f5henevaid lisandeid on soovitatav v\u00f5tta alates umbes 25. eluaastast.<\/p><p>On teada, et just sellest vanusest alates v\u00e4heneb loomulik kollageeni tootmine inimese organismis.<\/p><p>Heles Nutrition\u00ae kollageenpeptiidide kasutamine on lihtne viis lisada kollageeni oma igap\u00e4evasesse men\u00fc\u00fcsse ja seega pakkuda hindamatut tuge naha, juuste, k\u00fc\u00fcnte ja liigeste tervisele.<\/p><p><strong>Mis v\u00e4hendab kollageeni tootmist?<\/strong><\/p><p>Kollageeni tootmine v\u00e4heneb loomulike vanusega seotud muutuste t\u00f5ttu, kuid inimese eluviis m\u00f5jutab oluliselt ka kollageenikiudude seisu. Kollageeni sisaldavate kudede kahjustusteni viivad:<\/p><p>&#8211; ebatervislik k\u00f5rge suhkru- ja v\u00e4hese valgusisaldusega toitumine;<\/p><p>&#8211; alkoholi tarvitamine ja suitsetamine;<\/p><p>&#8211; p\u00e4evitamine ja ultraviolettkiirte m\u00f5ju nahale;<\/p><p>&#8211; unepuudus;<\/p><p>&#8211; pidev stress;<\/p><p>&#8211; istuv eluviis.<\/p><p><strong>Kuidas Heles Nutrition\u00ae Collagen Peptides v\u00f5tta?<\/strong><\/p><p>1 kulp (soovitatav p\u00e4evane portsjon) sisaldab 10 grammi I ja III t\u00fc\u00fcpi bioaktiivseid kollageenpeptiide ning 18 aminohapet, sealhulgas 8 asendamatut aminohapet.<\/p><p>T\u00e4nu ideaalsele ja puhtale koostisele meie toode omab neutraalset maitset, kergesti lahustuv ning seda saab lisada veele, kohvile, jogurtile, puuviljamahladele, smuutidele ja teistele lemmikjookidele.<\/p><p>Lisaks saab kollageenpeptiide kasutada harjumusp\u00e4raste roogade valmistamisel, lisades neid suppidele, kastmetele ja k\u00fcpsetussegudele, suurendades oluliselt nende valgu v\u00e4\u00e4rtust.<\/p><p><strong>Millal Heles Nutrition\u00ae Collagen Peptides v\u00f5tta?<\/strong><\/p><p>Heles Nutrition\u00ae Collagen Peptides v\u00f5ib v\u00f5tta igal ajal.<\/p><p>Arvukate uuringute kohaselt on aga k\u00f5ige t\u00f5husam kollageenpeptiidide v\u00f5tmine t\u00fchja k\u00f5huga (30 minutit enne hommikus\u00f6\u00f6ki) v\u00f5i hommikus\u00f6\u00f6gi ajal.<\/p><p><strong>Kuidas kollageen nahka m\u00f5jutab?<\/strong><\/p><p>Umbes 40% kogu keha kollageenist sisaldub nahas. Kollageen niisutab nahka, muudab selle siledaks, vetruvaks ja elastseks ning kiirendab kudede taastumist. Lisaks aitab see toime tulla naha pigmentatsiooniga, s\u00e4ilitada selle nooruslikkust ja vabaneda armidest ja vorpidest.<\/p><p><strong>Kuidas kollageen juukseid m\u00f5jutab?<\/strong><\/p><p>Kollageen on oluline mitte ainult juuste vastupidavuse jaoks, vaid on vajalik ka tugevate juuksefolliikulite loomiseks. See annab juustele terve v\u00e4limuse ja kaitseb neid v\u00e4liskeskkonna kahjuliku m\u00f5ju eest, v\u00f5itleb edukalt l\u00f5henenud otstega, liimides iga juuksekarva soomused ja \u00fcmbritsedes selle v\u00e4ljastpoolt.<\/p><p><strong>Kuidas kollageen k\u00fc\u00fcsi m\u00f5jutab?<\/strong><\/p><p>Kollageenil p\u00f5hinevate toidulisandite v\u00f5tmine aitab s\u00e4ilitada terveid k\u00fc\u00fcsi, muutes need tugevamaks ja samal ajal elastseks, mis aitab v\u00e4hendada nende haprust.<\/p><p>M\u00f5netes uuringutes tuuakse esile faktid, et bioaktiivsete kollageenpeptiidide kasutamine viib rabedate k\u00fc\u00fcnte kliinilise paranemiseni, m\u00e4rkimisv\u00e4\u00e4rse k\u00fc\u00fcnte kasvuni ja l\u00f5henenud k\u00fc\u00fcnte esinemissageduse v\u00e4henemiseni.<\/p><p><strong>Kuidas kollageen liigeseid m\u00f5jutab?<\/strong><\/p><p>Liigeste valu ja j\u00e4ikus v\u00f5ib olla p\u00f5hjustatud kollageeni taseme langusest organismis. Kollageen toimib meie liigeste m\u00e4\u00e4rdeainena. T\u00e4nu piisavale kollageeni tootmisele v\u00f5ivad liigesekaebused v\u00e4heneda.<\/p><p>K\u00f5rgekvaliteetsete kollageenpeptiidide regulaarne v\u00f5tmine v\u00f5ib toetada liigeste ja k\u00f5\u00f5luste tervist ja nende normaalset talitlust.<\/p><p><strong>Milline on Heles Nutrition\u00ae kollageenpeptiidide v\u00f5tmise kuur?<\/strong><\/p><p>Kollageenpeptiidide v\u00f5tmisest parimate tulemuste saavutamiseks on soovitatav neid v\u00f5tta v\u00e4hemalt 3 kuud, seej\u00e4rel teha 1-n\u00e4dalane paus ja korrata kolmekuulist kuuri.<\/p><p><strong>Millised vastun\u00e4idustused on kollageenpeptiidide v\u00f5tmisel?<\/strong><\/p><p>Meie toode koosneb \u00fchest lihtsast koostisosast \u2013 k\u00f5rgekvaliteedilistest veiseliha kollageenpeptiididest.<\/p><p>Heles Nutrition\u00ae Collagen Peptides ei sisalda absoluutselt mingeid t\u00e4iendavaid lisandeid.<\/p><p>Terve inimese jaoks ei ole veise kollageenpeptiidide kasutamisel vastun\u00e4idustusi. Nagu iga toidulisandi v\u00f5tmise puhul, on siiski teatud juhised.<\/p><p>\u00c4rge kasutage toidulisandit t\u00e4isv\u00e4\u00e4rtusliku ja tasakaalustatud toitumise asendajana.<\/p><p>Kasutage seda toodet ainult toidulisandina. \u00c4rge kasutage kehakaalu langetamiseks.<\/p><p>Arstliku j\u00e4relevalve all olevad inimesed peaksid enne mis tahes toidulisandi v\u00f5tmist esmalt p\u00f6\u00f6rduma oma arsti poole.<\/p><p>Heles Nutrition\u00ae kollageenpeptiidide eeliste kohta saab rohkem lugeda jaotisest <a href=\"https:\/\/helesnutrition.com\/et\/learn\/\">\u00abUuri l\u00e4hemalt\u00bb<\/a>.<\/p>\t\t\t\t\t\t<\/div>\n\t\t\t\t<\/div>\n\t\t\t\t\t<\/div>\n\t\t<\/div>\n\t\t\t\t\t\t\t<\/div>\n\t\t<\/section>\n\t\t\t\t<section class=\"elementor-section elementor-top-section elementor-element elementor-element-17133f2 elementor-section-boxed elementor-section-height-default elementor-section-height-default\" data-id=\"17133f2\" data-element_type=\"section\" data-settings=\"{&quot;background_background&quot;:&quot;classic&quot;}\">\n\t\t\t\t\t\t<div class=\"elementor-container elementor-column-gap-default\">\n\t\t\t\t\t<div class=\"elementor-column elementor-col-100 elementor-top-column elementor-element elementor-element-5082639\" data-id=\"5082639\" data-element_type=\"column\">\n\t\t\t<div class=\"elementor-widget-wrap\">\n\t\t\t\t\t\t\t\t\t<\/div>\n\t\t<\/div>\n\t\t\t\t\t\t\t<\/div>\n\t\t<\/section>\n\t\t\t\t\t\t\t<\/div>\n\t\t","protected":false},"excerpt":{"rendered":"<p>Kas on k\u00fcsimusi? V\u00f5ib-olla on meil vastus! Toode Mis on kollageen? Kollageen on sidekudede, sealhulgas naha, lihaste, sidemete ja liigeste p\u00f5hikomponent. Nagu liim, liimib see oluline struktuurvalk k\u00f5ik meie keha rakud ja koed \u00fcheks organismiks. Just t\u00e4nu sellele kollageeni omadusele on meie nahk vetruv, juuksed tugevad ja k\u00fc\u00fcned vastupidavad. On teada, et alates 25. eluaastast [&hellip;]<\/p>\n","protected":false},"author":2,"featured_media":5923,"parent":0,"menu_order":0,"comment_status":"closed","ping_status":"closed","template":"elementor_header_footer","meta":{"_monsterinsights_skip_tracking":false,"_monsterinsights_sitenote_active":false,"_monsterinsights_sitenote_note":"","_monsterinsights_sitenote_category":0,"_glsr_average":0,"_glsr_ranking":0,"_glsr_reviews":0,"footnotes":""},"class_list":["post-5920","page","type-page","status-publish","has-post-thumbnail","hentry"],"yoast_head":"<!-- This site is optimized with the Yoast SEO Premium plugin v21.0 (Yoast SEO v21.1) - https:\/\/yoast.com\/wordpress\/plugins\/seo\/ -->\n<title>FAQ - Heles Nutrition<\/title>\n<meta name=\"robots\" content=\"index, follow, max-snippet:-1, max-image-preview:large, max-video-preview:-1\" \/>\n<link rel=\"canonical\" href=\"https:\/\/helesnutrition.com\/et\/faq\/\" \/>\n<meta property=\"og:locale\" content=\"et_EE\" \/>\n<meta property=\"og:type\" content=\"article\" \/>\n<meta property=\"og:title\" content=\"FAQ\" \/>\n<meta property=\"og:description\" content=\"Kas on k\u00fcsimusi? V\u00f5ib-olla on meil vastus! Toode Mis on kollageen? Kollageen on sidekudede, sealhulgas naha, lihaste, sidemete ja liigeste p\u00f5hikomponent. Nagu liim, liimib see oluline struktuurvalk k\u00f5ik meie keha rakud ja koed \u00fcheks organismiks. Just t\u00e4nu sellele kollageeni omadusele on meie nahk vetruv, juuksed tugevad ja k\u00fc\u00fcned vastupidavad. On teada, et alates 25. eluaastast [&hellip;]\" \/>\n<meta property=\"og:url\" content=\"https:\/\/helesnutrition.com\/et\/faq\/\" \/>\n<meta property=\"og:site_name\" content=\"Heles Nutrition\" \/>\n<meta property=\"article:publisher\" content=\"https:\/\/www.facebook.com\/profile.php?id=100093681000442\" \/>\n<meta property=\"article:modified_time\" content=\"2024-12-02T17:02:23+00:00\" \/>\n<meta property=\"og:image\" content=\"https:\/\/helesnutrition.com\/wp-content\/uploads\/2023\/09\/Heles_Nutrition_Collagen_Peptides_300g.png\" \/>\n\t<meta property=\"og:image:width\" content=\"1000\" \/>\n\t<meta property=\"og:image:height\" content=\"1000\" \/>\n\t<meta property=\"og:image:type\" content=\"image\/png\" \/>\n<meta name=\"twitter:card\" content=\"summary_large_image\" \/>\n<meta name=\"twitter:label1\" content=\"Est. reading time\" \/>\n\t<meta name=\"twitter:data1\" content=\"5 minutit\" \/>\n<script type=\"application\/ld+json\" class=\"yoast-schema-graph\">{\"@context\":\"https:\/\/schema.org\",\"@graph\":[{\"@type\":\"WebPage\",\"@id\":\"https:\/\/helesnutrition.com\/et\/faq\/\",\"url\":\"https:\/\/helesnutrition.com\/et\/faq\/\",\"name\":\"FAQ - Heles Nutrition\",\"isPartOf\":{\"@id\":\"https:\/\/helesnutrition.com\/#website\"},\"datePublished\":\"2023-09-01T06:15:31+00:00\",\"dateModified\":\"2024-12-02T17:02:23+00:00\",\"breadcrumb\":{\"@id\":\"https:\/\/helesnutrition.com\/et\/faq\/#breadcrumb\"},\"inLanguage\":\"et\",\"potentialAction\":[{\"@type\":\"ReadAction\",\"target\":[\"https:\/\/helesnutrition.com\/et\/faq\/\"]}]},{\"@type\":\"BreadcrumbList\",\"@id\":\"https:\/\/helesnutrition.com\/et\/faq\/#breadcrumb\",\"itemListElement\":[{\"@type\":\"ListItem\",\"position\":1,\"name\":\"Home\",\"item\":\"https:\/\/helesnutrition.com\/et\/\"},{\"@type\":\"ListItem\",\"position\":2,\"name\":\"FAQ\"}]},{\"@type\":\"WebSite\",\"@id\":\"https:\/\/helesnutrition.com\/#website\",\"url\":\"https:\/\/helesnutrition.com\/\",\"name\":\"Heles Nutrition\",\"description\":\"Collagen is the basis of our body. Heles Nutrition\u00ae Collagen Peptides is a great solution to add collagen to our diet. Bovine Collagen Peptides. Hydrolyzed Collagen. Health &amp; Beauty. Heles Nutrition\u00ae Kolag\u0113na Pept\u012bdi. \u041f\u0435\u043f\u0442\u0438\u0434\u044b \u041a\u043e\u043b\u043b\u0430\u0433\u0435\u043d\u0430 Heles Nutrition\u00ae.\",\"publisher\":{\"@id\":\"https:\/\/helesnutrition.com\/#organization\"},\"potentialAction\":[{\"@type\":\"SearchAction\",\"target\":{\"@type\":\"EntryPoint\",\"urlTemplate\":\"https:\/\/helesnutrition.com\/?s={search_term_string}\"},\"query-input\":\"required name=search_term_string\"}],\"inLanguage\":\"et\"},{\"@type\":\"Organization\",\"@id\":\"https:\/\/helesnutrition.com\/#organization\",\"name\":\"Heles Nutrition\",\"url\":\"https:\/\/helesnutrition.com\/\",\"logo\":{\"@type\":\"ImageObject\",\"inLanguage\":\"et\",\"@id\":\"https:\/\/helesnutrition.com\/#\/schema\/logo\/image\/\",\"url\":\"https:\/\/helesnutrition.com\/wp-content\/uploads\/2023\/09\/HELES-NUTRITION-R.png\",\"contentUrl\":\"https:\/\/helesnutrition.com\/wp-content\/uploads\/2023\/09\/HELES-NUTRITION-R.png\",\"width\":370,\"height\":370,\"caption\":\"Heles Nutrition\"},\"image\":{\"@id\":\"https:\/\/helesnutrition.com\/#\/schema\/logo\/image\/\"},\"sameAs\":[\"https:\/\/www.facebook.com\/profile.php?id=100093681000442\",\"https:\/\/www.instagram.com\/helesnutrition\/\"]}]}<\/script>\n<!-- \/ Yoast SEO Premium plugin. -->","yoast_head_json":{"title":"FAQ - Heles Nutrition","robots":{"index":"index","follow":"follow","max-snippet":"max-snippet:-1","max-image-preview":"max-image-preview:large","max-video-preview":"max-video-preview:-1"},"canonical":"https:\/\/helesnutrition.com\/et\/faq\/","og_locale":"et_EE","og_type":"article","og_title":"FAQ","og_description":"Kas on k\u00fcsimusi? V\u00f5ib-olla on meil vastus! Toode Mis on kollageen? Kollageen on sidekudede, sealhulgas naha, lihaste, sidemete ja liigeste p\u00f5hikomponent. Nagu liim, liimib see oluline struktuurvalk k\u00f5ik meie keha rakud ja koed \u00fcheks organismiks. Just t\u00e4nu sellele kollageeni omadusele on meie nahk vetruv, juuksed tugevad ja k\u00fc\u00fcned vastupidavad. On teada, et alates 25. eluaastast [&hellip;]","og_url":"https:\/\/helesnutrition.com\/et\/faq\/","og_site_name":"Heles Nutrition","article_publisher":"https:\/\/www.facebook.com\/profile.php?id=100093681000442","article_modified_time":"2024-12-02T17:02:23+00:00","og_image":[{"width":1000,"height":1000,"url":"https:\/\/helesnutrition.com\/wp-content\/uploads\/2023\/09\/Heles_Nutrition_Collagen_Peptides_300g.png","type":"image\/png"}],"twitter_card":"summary_large_image","twitter_misc":{"Est. reading time":"5 minutit"},"schema":{"@context":"https:\/\/schema.org","@graph":[{"@type":"WebPage","@id":"https:\/\/helesnutrition.com\/et\/faq\/","url":"https:\/\/helesnutrition.com\/et\/faq\/","name":"FAQ - Heles Nutrition","isPartOf":{"@id":"https:\/\/helesnutrition.com\/#website"},"datePublished":"2023-09-01T06:15:31+00:00","dateModified":"2024-12-02T17:02:23+00:00","breadcrumb":{"@id":"https:\/\/helesnutrition.com\/et\/faq\/#breadcrumb"},"inLanguage":"et","potentialAction":[{"@type":"ReadAction","target":["https:\/\/helesnutrition.com\/et\/faq\/"]}]},{"@type":"BreadcrumbList","@id":"https:\/\/helesnutrition.com\/et\/faq\/#breadcrumb","itemListElement":[{"@type":"ListItem","position":1,"name":"Home","item":"https:\/\/helesnutrition.com\/et\/"},{"@type":"ListItem","position":2,"name":"FAQ"}]},{"@type":"WebSite","@id":"https:\/\/helesnutrition.com\/#website","url":"https:\/\/helesnutrition.com\/","name":"Heles Nutrition","description":"Collagen is the basis of our body. Heles Nutrition\u00ae Collagen Peptides is a great solution to add collagen to our diet. Bovine Collagen Peptides. Hydrolyzed Collagen. Health &amp; Beauty. Heles Nutrition\u00ae Kolag\u0113na Pept\u012bdi. \u041f\u0435\u043f\u0442\u0438\u0434\u044b \u041a\u043e\u043b\u043b\u0430\u0433\u0435\u043d\u0430 Heles Nutrition\u00ae.","publisher":{"@id":"https:\/\/helesnutrition.com\/#organization"},"potentialAction":[{"@type":"SearchAction","target":{"@type":"EntryPoint","urlTemplate":"https:\/\/helesnutrition.com\/?s={search_term_string}"},"query-input":"required name=search_term_string"}],"inLanguage":"et"},{"@type":"Organization","@id":"https:\/\/helesnutrition.com\/#organization","name":"Heles Nutrition","url":"https:\/\/helesnutrition.com\/","logo":{"@type":"ImageObject","inLanguage":"et","@id":"https:\/\/helesnutrition.com\/#\/schema\/logo\/image\/","url":"https:\/\/helesnutrition.com\/wp-content\/uploads\/2023\/09\/HELES-NUTRITION-R.png","contentUrl":"https:\/\/helesnutrition.com\/wp-content\/uploads\/2023\/09\/HELES-NUTRITION-R.png","width":370,"height":370,"caption":"Heles Nutrition"},"image":{"@id":"https:\/\/helesnutrition.com\/#\/schema\/logo\/image\/"},"sameAs":["https:\/\/www.facebook.com\/profile.php?id=100093681000442","https:\/\/www.instagram.com\/helesnutrition\/"]}]}},"_links":{"self":[{"href":"https:\/\/helesnutrition.com\/et\/wp-json\/wp\/v2\/pages\/5920"}],"collection":[{"href":"https:\/\/helesnutrition.com\/et\/wp-json\/wp\/v2\/pages"}],"about":[{"href":"https:\/\/helesnutrition.com\/et\/wp-json\/wp\/v2\/types\/page"}],"author":[{"embeddable":true,"href":"https:\/\/helesnutrition.com\/et\/wp-json\/wp\/v2\/users\/2"}],"replies":[{"embeddable":true,"href":"https:\/\/helesnutrition.com\/et\/wp-json\/wp\/v2\/comments?post=5920"}],"version-history":[{"count":7,"href":"https:\/\/helesnutrition.com\/et\/wp-json\/wp\/v2\/pages\/5920\/revisions"}],"predecessor-version":[{"id":6112,"href":"https:\/\/helesnutrition.com\/et\/wp-json\/wp\/v2\/pages\/5920\/revisions\/6112"}],"wp:featuredmedia":[{"embeddable":true,"href":"https:\/\/helesnutrition.com\/et\/wp-json\/wp\/v2\/media\/5923"}],"wp:attachment":[{"href":"https:\/\/helesnutrition.com\/et\/wp-json\/wp\/v2\/media?parent=5920"}],"curies":[{"name":"wp","href":"https:\/\/api.w.org\/{rel}","templated":true}]}}