{"id":1320,"date":"2023-09-05T12:06:26","date_gmt":"2023-09-05T09:06:26","guid":{"rendered":"https:\/\/helesnutrition.com\/?page_id=1320"},"modified":"2025-10-12T11:09:10","modified_gmt":"2025-10-12T08:09:10","slug":"payment-and-delivery","status":"publish","type":"page","link":"https:\/\/helesnutrition.com\/lv\/payment-and-delivery\/","title":{"rendered":"Payment and delivery"},"content":{"rendered":"\t\t<div data-elementor-type=\"wp-page\" data-elementor-id=\"1320\" class=\"elementor elementor-1320 elementor-1023\" data-elementor-post-type=\"page\">\n\t\t\t\t\t\t\t\t\t<section class=\"elementor-section elementor-top-section elementor-element elementor-element-d277aba elementor-section-boxed elementor-section-height-default elementor-section-height-default\" data-id=\"d277aba\" data-element_type=\"section\">\n\t\t\t\t\t\t\t<div class=\"elementor-background-overlay\"><\/div>\n\t\t\t\t\t\t\t<div class=\"elementor-container elementor-column-gap-default\">\n\t\t\t\t\t<div class=\"elementor-column elementor-col-100 elementor-top-column elementor-element elementor-element-b6a3574\" data-id=\"b6a3574\" data-element_type=\"column\">\n\t\t\t<div class=\"elementor-widget-wrap elementor-element-populated\">\n\t\t\t\t\t\t\t\t<div class=\"elementor-element elementor-element-b5910df elementor-widget elementor-widget-spacer\" data-id=\"b5910df\" data-element_type=\"widget\" data-widget_type=\"spacer.default\">\n\t\t\t\t<div class=\"elementor-widget-container\">\n\t\t\t<style>\/*! elementor - v3.15.0 - 20-08-2023 *\/\n.elementor-column .elementor-spacer-inner{height:var(--spacer-size)}.e-con{--container-widget-width:100%}.e-con-inner>.elementor-widget-spacer,.e-con>.elementor-widget-spacer{width:var(--container-widget-width,var(--spacer-size));--align-self:var(--container-widget-align-self,initial);--flex-shrink:0}.e-con-inner>.elementor-widget-spacer>.elementor-widget-container,.e-con-inner>.elementor-widget-spacer>.elementor-widget-container>.elementor-spacer,.e-con>.elementor-widget-spacer>.elementor-widget-container,.e-con>.elementor-widget-spacer>.elementor-widget-container>.elementor-spacer{height:100%}.e-con-inner>.elementor-widget-spacer>.elementor-widget-container>.elementor-spacer>.elementor-spacer-inner,.e-con>.elementor-widget-spacer>.elementor-widget-container>.elementor-spacer>.elementor-spacer-inner{height:var(--container-widget-height,var(--spacer-size))}<\/style>\t\t<div class=\"elementor-spacer\">\n\t\t\t<div class=\"elementor-spacer-inner\"><\/div>\n\t\t<\/div>\n\t\t\t\t<\/div>\n\t\t\t\t<\/div>\n\t\t\t\t\t<\/div>\n\t\t<\/div>\n\t\t\t\t\t\t\t<\/div>\n\t\t<\/section>\n\t\t\t\t<section class=\"elementor-section elementor-top-section elementor-element elementor-element-2f7d3ee elementor-section-boxed elementor-section-height-default elementor-section-height-default\" data-id=\"2f7d3ee\" data-element_type=\"section\">\n\t\t\t\t\t\t\t<div class=\"elementor-background-overlay\"><\/div>\n\t\t\t\t\t\t\t<div class=\"elementor-container elementor-column-gap-default\">\n\t\t\t\t\t<div class=\"elementor-column elementor-col-100 elementor-top-column elementor-element elementor-element-c9caa7a\" data-id=\"c9caa7a\" data-element_type=\"column\">\n\t\t\t<div class=\"elementor-widget-wrap elementor-element-populated\">\n\t\t\t\t\t\t\t\t<div class=\"elementor-element elementor-element-5d85c40 elementor-widget elementor-widget-text-editor\" data-id=\"5d85c40\" data-element_type=\"widget\" data-widget_type=\"text-editor.default\">\n\t\t\t\t<div class=\"elementor-widget-container\">\n\t\t\t<style>\/*! elementor - v3.15.0 - 20-08-2023 *\/\n.elementor-widget-text-editor.elementor-drop-cap-view-stacked .elementor-drop-cap{background-color:#69727d;color:#fff}.elementor-widget-text-editor.elementor-drop-cap-view-framed .elementor-drop-cap{color:#69727d;border:3px solid;background-color:transparent}.elementor-widget-text-editor:not(.elementor-drop-cap-view-default) .elementor-drop-cap{margin-top:8px}.elementor-widget-text-editor:not(.elementor-drop-cap-view-default) .elementor-drop-cap-letter{width:1em;height:1em}.elementor-widget-text-editor .elementor-drop-cap{float:left;text-align:center;line-height:1;font-size:50px}.elementor-widget-text-editor .elementor-drop-cap-letter{display:inline-block}<\/style>\t\t\t\t<p style=\"text-align: center;\"><strong>Apmaksa un pieg\u0101de<\/strong><\/p><p style=\"text-align: center;\">Apmaksa<\/p><p>E-veikal\u0101 <a href=\"https:\/\/helesnutrition.com\/lv\/\">www.helesnutrition.com<\/a> iesp\u0113jams nor\u0113\u0137in\u0101ties:<\/p><ul><li>Maks\u0101jums ar VISA, Visa Electron, MasterCard, Maestro;<\/li><li>Izmantojot banklink SEB bankas, Swedbankas, Citadele, Luminor, Revolut.<\/li><\/ul><p>Pas\u016bt\u012bjums tiks nodots J\u016bsu izv\u0113l\u0113tajam pieg\u0101des servisam tikai p\u0113c apmaksas sa\u0146em\u0161anas.<\/p><p>Datu p\u0101rraides uzticam\u012bbu un dro\u0161\u012bbu nodro\u0161ina SSL sertifik\u0101ts.<\/p><p style=\"text-align: center;\">Pieg\u0101de<\/p><p>Veicot Produktu pas\u016bt\u012bjumu M\u0101jas lap\u0101 \u2013 Pas\u016bt\u012bjumus Pirc\u0113js var veikt 24 stundas diennakt\u012b, bet pas\u016bt\u012bjumu komplekt\u0113\u0161anu P\u0101rdev\u0113js veic: darba dien\u0101s no plkst. 9.00 l\u012bdz 16.00, sestdien\u0101s, sv\u0113tdien\u0101s un sv\u0113tku dien\u0101s- komplekt\u0113\u0161ana netiek veikta.<\/p><p>P\u0101rdev\u0113js nos\u016bta Pirc\u0113jam apstiprin\u0101jumu par pas\u016bt\u012bjuma pie\u0146em\u0161anu e-pasta veid\u0101. Ja Pirc\u0113js nesa\u0146em apstiprino\u0161u e-pastu, tad pas\u016bt\u012bjums nav pie\u0146emts. Pas\u016bt\u012bjuma komplekt\u0113\u0161ana tiek uzs\u0101kta br\u012bd\u012b, kad nauda ir ieskait\u012bta P\u0101rdev\u0113ja kont\u0101.<\/p><p>P\u0101rdev\u0113js J\u016bsu izv\u0113l\u0113tos Produktus Jums izs\u016bta uz pas\u016bt\u012bjum\u0101 nor\u0101d\u012bto pieg\u0101des adresi 1 l\u012bdz 2 darba dienu laik\u0101 no br\u012b\u017ea, kad P\u0101rdev\u0113js sa\u0146em J\u016bsu pas\u016bt\u012bjuma r\u0113\u0137ina samaksu, izmantojot J\u016bsu izv\u0113l\u0113to Pieg\u0101d\u0101t\u0101ju. \u0145emiet v\u0113r\u0101, ka iepriek\u0161 nor\u0101d\u012btie termi\u0146i var tikt main\u012bti atkar\u012bb\u0101 no sa\u0146emto pas\u016bt\u012bjumu skaita un P\u0101rdev\u0113js e-veikala noslodzes, \u012bpa\u0161i \u2013 sv\u0113tku un br\u012bvdienu laik\u0101.<\/p><p>Atkar\u012bb\u0101 no kop\u0113j\u0101s pas\u016bt\u012bto Produktu summas pieg\u0101de var b\u016bt bez maksas (inform\u0101cija par bezmaksas pieg\u0101di pieejama zem\u0101k). L\u016bdzu, \u0146emiet v\u0113r\u0101, ka prec\u012bzu inform\u0101ciju par pieg\u0101des izmaks\u0101m ieg\u016bsiet, pirms veiksiet pas\u016bt\u012bjumu.<\/p><p>Ja J\u016bsu ieg\u0101d\u0101to Produktu kopsumma p\u0101rsniegs EUR 40.00 \u2013 pieg\u0101de b\u016bs bez maksas.<\/p>\t\t\t\t\t\t<\/div>\n\t\t\t\t<\/div>\n\t\t\t\t\t<\/div>\n\t\t<\/div>\n\t\t\t\t\t\t\t<\/div>\n\t\t<\/section>\n\t\t\t\t\t\t\t<\/div>\n\t\t","protected":false},"excerpt":{"rendered":"<p>Apmaksa un pieg\u0101de Apmaksa E-veikal\u0101 www.helesnutrition.com iesp\u0113jams nor\u0113\u0137in\u0101ties: Maks\u0101jums ar VISA, Visa Electron, MasterCard, Maestro; Izmantojot banklink SEB bankas, Swedbankas, Citadele, Luminor, Revolut. Pas\u016bt\u012bjums tiks nodots J\u016bsu izv\u0113l\u0113tajam pieg\u0101des servisam tikai p\u0113c apmaksas sa\u0146em\u0161anas. Datu p\u0101rraides uzticam\u012bbu un dro\u0161\u012bbu nodro\u0161ina SSL sertifik\u0101ts. Pieg\u0101de Veicot Produktu pas\u016bt\u012bjumu M\u0101jas lap\u0101 \u2013 Pas\u016bt\u012bjumus Pirc\u0113js var veikt 24 stundas [&hellip;]<\/p>\n","protected":false},"author":2,"featured_media":0,"parent":0,"menu_order":0,"comment_status":"closed","ping_status":"closed","template":"elementor_header_footer","meta":{"_monsterinsights_skip_tracking":false,"_monsterinsights_sitenote_active":false,"_monsterinsights_sitenote_note":"","_monsterinsights_sitenote_category":0,"_glsr_average":0,"_glsr_ranking":0,"_glsr_reviews":0,"footnotes":""},"class_list":["post-1320","page","type-page","status-publish","hentry"],"yoast_head":"<!-- This site is optimized with the Yoast SEO Premium plugin v21.0 (Yoast SEO v21.1) - https:\/\/yoast.com\/wordpress\/plugins\/seo\/ -->\n<title>Payment and delivery - Heles Nutrition<\/title>\n<meta name=\"robots\" content=\"index, follow, max-snippet:-1, max-image-preview:large, max-video-preview:-1\" \/>\n<link rel=\"canonical\" href=\"https:\/\/helesnutrition.com\/lv\/payment-and-delivery\/\" \/>\n<meta property=\"og:locale\" content=\"lv_LV\" \/>\n<meta property=\"og:type\" content=\"article\" \/>\n<meta property=\"og:title\" content=\"Payment and delivery\" \/>\n<meta property=\"og:description\" content=\"Apmaksa un pieg\u0101de Apmaksa E-veikal\u0101 www.helesnutrition.com iesp\u0113jams nor\u0113\u0137in\u0101ties: Maks\u0101jums ar VISA, Visa Electron, MasterCard, Maestro; Izmantojot banklink SEB bankas, Swedbankas, Citadele, Luminor, Revolut. Pas\u016bt\u012bjums tiks nodots J\u016bsu izv\u0113l\u0113tajam pieg\u0101des servisam tikai p\u0113c apmaksas sa\u0146em\u0161anas. Datu p\u0101rraides uzticam\u012bbu un dro\u0161\u012bbu nodro\u0161ina SSL sertifik\u0101ts. Pieg\u0101de Veicot Produktu pas\u016bt\u012bjumu M\u0101jas lap\u0101 \u2013 Pas\u016bt\u012bjumus Pirc\u0113js var veikt 24 stundas [&hellip;]\" \/>\n<meta property=\"og:url\" content=\"https:\/\/helesnutrition.com\/lv\/payment-and-delivery\/\" \/>\n<meta property=\"og:site_name\" content=\"Heles Nutrition\" \/>\n<meta property=\"article:publisher\" content=\"https:\/\/www.facebook.com\/profile.php?id=100093681000442\" \/>\n<meta property=\"article:modified_time\" content=\"2025-10-12T08:09:10+00:00\" \/>\n<meta name=\"twitter:card\" content=\"summary_large_image\" \/>\n<meta name=\"twitter:label1\" content=\"Est. reading time\" \/>\n\t<meta name=\"twitter:data1\" content=\"2 minutes\" \/>\n<script type=\"application\/ld+json\" class=\"yoast-schema-graph\">{\"@context\":\"https:\/\/schema.org\",\"@graph\":[{\"@type\":\"WebPage\",\"@id\":\"https:\/\/helesnutrition.com\/lv\/payment-and-delivery\/\",\"url\":\"https:\/\/helesnutrition.com\/lv\/payment-and-delivery\/\",\"name\":\"Payment and delivery - Heles Nutrition\",\"isPartOf\":{\"@id\":\"https:\/\/helesnutrition.com\/#website\"},\"datePublished\":\"2023-09-05T09:06:26+00:00\",\"dateModified\":\"2025-10-12T08:09:10+00:00\",\"breadcrumb\":{\"@id\":\"https:\/\/helesnutrition.com\/lv\/payment-and-delivery\/#breadcrumb\"},\"inLanguage\":\"lv-LV\",\"potentialAction\":[{\"@type\":\"ReadAction\",\"target\":[\"https:\/\/helesnutrition.com\/lv\/payment-and-delivery\/\"]}]},{\"@type\":\"BreadcrumbList\",\"@id\":\"https:\/\/helesnutrition.com\/lv\/payment-and-delivery\/#breadcrumb\",\"itemListElement\":[{\"@type\":\"ListItem\",\"position\":1,\"name\":\"Home\",\"item\":\"https:\/\/helesnutrition.com\/lv\/\"},{\"@type\":\"ListItem\",\"position\":2,\"name\":\"Payment and delivery\"}]},{\"@type\":\"WebSite\",\"@id\":\"https:\/\/helesnutrition.com\/#website\",\"url\":\"https:\/\/helesnutrition.com\/\",\"name\":\"Heles Nutrition\",\"description\":\"Collagen is the basis of our body. Heles Nutrition\u00ae Collagen Peptides is a great solution to add collagen to our diet. Bovine Collagen Peptides. Hydrolyzed Collagen. Health &amp; Beauty. Heles Nutrition\u00ae Kolag\u0113na Pept\u012bdi. \u041f\u0435\u043f\u0442\u0438\u0434\u044b \u041a\u043e\u043b\u043b\u0430\u0433\u0435\u043d\u0430 Heles Nutrition\u00ae.\",\"publisher\":{\"@id\":\"https:\/\/helesnutrition.com\/#organization\"},\"potentialAction\":[{\"@type\":\"SearchAction\",\"target\":{\"@type\":\"EntryPoint\",\"urlTemplate\":\"https:\/\/helesnutrition.com\/?s={search_term_string}\"},\"query-input\":\"required name=search_term_string\"}],\"inLanguage\":\"lv-LV\"},{\"@type\":\"Organization\",\"@id\":\"https:\/\/helesnutrition.com\/#organization\",\"name\":\"Heles Nutrition\",\"url\":\"https:\/\/helesnutrition.com\/\",\"logo\":{\"@type\":\"ImageObject\",\"inLanguage\":\"lv-LV\",\"@id\":\"https:\/\/helesnutrition.com\/#\/schema\/logo\/image\/\",\"url\":\"https:\/\/helesnutrition.com\/wp-content\/uploads\/2023\/09\/HELES-NUTRITION-R.png\",\"contentUrl\":\"https:\/\/helesnutrition.com\/wp-content\/uploads\/2023\/09\/HELES-NUTRITION-R.png\",\"width\":370,\"height\":370,\"caption\":\"Heles Nutrition\"},\"image\":{\"@id\":\"https:\/\/helesnutrition.com\/#\/schema\/logo\/image\/\"},\"sameAs\":[\"https:\/\/www.facebook.com\/profile.php?id=100093681000442\",\"https:\/\/www.instagram.com\/helesnutrition\/\"]}]}<\/script>\n<!-- \/ Yoast SEO Premium plugin. -->","yoast_head_json":{"title":"Payment and delivery - Heles Nutrition","robots":{"index":"index","follow":"follow","max-snippet":"max-snippet:-1","max-image-preview":"max-image-preview:large","max-video-preview":"max-video-preview:-1"},"canonical":"https:\/\/helesnutrition.com\/lv\/payment-and-delivery\/","og_locale":"lv_LV","og_type":"article","og_title":"Payment and delivery","og_description":"Apmaksa un pieg\u0101de Apmaksa E-veikal\u0101 www.helesnutrition.com iesp\u0113jams nor\u0113\u0137in\u0101ties: Maks\u0101jums ar VISA, Visa Electron, MasterCard, Maestro; Izmantojot banklink SEB bankas, Swedbankas, Citadele, Luminor, Revolut. Pas\u016bt\u012bjums tiks nodots J\u016bsu izv\u0113l\u0113tajam pieg\u0101des servisam tikai p\u0113c apmaksas sa\u0146em\u0161anas. Datu p\u0101rraides uzticam\u012bbu un dro\u0161\u012bbu nodro\u0161ina SSL sertifik\u0101ts. Pieg\u0101de Veicot Produktu pas\u016bt\u012bjumu M\u0101jas lap\u0101 \u2013 Pas\u016bt\u012bjumus Pirc\u0113js var veikt 24 stundas [&hellip;]","og_url":"https:\/\/helesnutrition.com\/lv\/payment-and-delivery\/","og_site_name":"Heles Nutrition","article_publisher":"https:\/\/www.facebook.com\/profile.php?id=100093681000442","article_modified_time":"2025-10-12T08:09:10+00:00","twitter_card":"summary_large_image","twitter_misc":{"Est. reading time":"2 minutes"},"schema":{"@context":"https:\/\/schema.org","@graph":[{"@type":"WebPage","@id":"https:\/\/helesnutrition.com\/lv\/payment-and-delivery\/","url":"https:\/\/helesnutrition.com\/lv\/payment-and-delivery\/","name":"Payment and delivery - Heles Nutrition","isPartOf":{"@id":"https:\/\/helesnutrition.com\/#website"},"datePublished":"2023-09-05T09:06:26+00:00","dateModified":"2025-10-12T08:09:10+00:00","breadcrumb":{"@id":"https:\/\/helesnutrition.com\/lv\/payment-and-delivery\/#breadcrumb"},"inLanguage":"lv-LV","potentialAction":[{"@type":"ReadAction","target":["https:\/\/helesnutrition.com\/lv\/payment-and-delivery\/"]}]},{"@type":"BreadcrumbList","@id":"https:\/\/helesnutrition.com\/lv\/payment-and-delivery\/#breadcrumb","itemListElement":[{"@type":"ListItem","position":1,"name":"Home","item":"https:\/\/helesnutrition.com\/lv\/"},{"@type":"ListItem","position":2,"name":"Payment and delivery"}]},{"@type":"WebSite","@id":"https:\/\/helesnutrition.com\/#website","url":"https:\/\/helesnutrition.com\/","name":"Heles Nutrition","description":"Collagen is the basis of our body. Heles Nutrition\u00ae Collagen Peptides is a great solution to add collagen to our diet. Bovine Collagen Peptides. Hydrolyzed Collagen. Health &amp; Beauty. Heles Nutrition\u00ae Kolag\u0113na Pept\u012bdi. \u041f\u0435\u043f\u0442\u0438\u0434\u044b \u041a\u043e\u043b\u043b\u0430\u0433\u0435\u043d\u0430 Heles Nutrition\u00ae.","publisher":{"@id":"https:\/\/helesnutrition.com\/#organization"},"potentialAction":[{"@type":"SearchAction","target":{"@type":"EntryPoint","urlTemplate":"https:\/\/helesnutrition.com\/?s={search_term_string}"},"query-input":"required name=search_term_string"}],"inLanguage":"lv-LV"},{"@type":"Organization","@id":"https:\/\/helesnutrition.com\/#organization","name":"Heles Nutrition","url":"https:\/\/helesnutrition.com\/","logo":{"@type":"ImageObject","inLanguage":"lv-LV","@id":"https:\/\/helesnutrition.com\/#\/schema\/logo\/image\/","url":"https:\/\/helesnutrition.com\/wp-content\/uploads\/2023\/09\/HELES-NUTRITION-R.png","contentUrl":"https:\/\/helesnutrition.com\/wp-content\/uploads\/2023\/09\/HELES-NUTRITION-R.png","width":370,"height":370,"caption":"Heles Nutrition"},"image":{"@id":"https:\/\/helesnutrition.com\/#\/schema\/logo\/image\/"},"sameAs":["https:\/\/www.facebook.com\/profile.php?id=100093681000442","https:\/\/www.instagram.com\/helesnutrition\/"]}]}},"_links":{"self":[{"href":"https:\/\/helesnutrition.com\/lv\/wp-json\/wp\/v2\/pages\/1320"}],"collection":[{"href":"https:\/\/helesnutrition.com\/lv\/wp-json\/wp\/v2\/pages"}],"about":[{"href":"https:\/\/helesnutrition.com\/lv\/wp-json\/wp\/v2\/types\/page"}],"author":[{"embeddable":true,"href":"https:\/\/helesnutrition.com\/lv\/wp-json\/wp\/v2\/users\/2"}],"replies":[{"embeddable":true,"href":"https:\/\/helesnutrition.com\/lv\/wp-json\/wp\/v2\/comments?post=1320"}],"version-history":[{"count":44,"href":"https:\/\/helesnutrition.com\/lv\/wp-json\/wp\/v2\/pages\/1320\/revisions"}],"predecessor-version":[{"id":7541,"href":"https:\/\/helesnutrition.com\/lv\/wp-json\/wp\/v2\/pages\/1320\/revisions\/7541"}],"wp:attachment":[{"href":"https:\/\/helesnutrition.com\/lv\/wp-json\/wp\/v2\/media?parent=1320"}],"curies":[{"name":"wp","href":"https:\/\/api.w.org\/{rel}","templated":true}]}}