{"id":1340,"date":"2023-09-01T14:24:47","date_gmt":"2023-09-01T11:24:47","guid":{"rendered":"https:\/\/helesnutrition.com\/?page_id=1340"},"modified":"2023-09-10T18:07:44","modified_gmt":"2023-09-10T15:07:44","slug":"cookie-policy","status":"publish","type":"page","link":"https:\/\/helesnutrition.com\/lv\/cookie-policy\/","title":{"rendered":"Cookie policy"},"content":{"rendered":"\t\t<div data-elementor-type=\"wp-page\" data-elementor-id=\"1340\" class=\"elementor elementor-1340 elementor-757\" data-elementor-post-type=\"page\">\n\t\t\t\t\t\t\t\t\t<section class=\"elementor-section elementor-top-section elementor-element elementor-element-c335f90 elementor-section-boxed elementor-section-height-default elementor-section-height-default\" data-id=\"c335f90\" data-element_type=\"section\">\n\t\t\t\t\t\t\t<div class=\"elementor-background-overlay\"><\/div>\n\t\t\t\t\t\t\t<div class=\"elementor-container elementor-column-gap-default\">\n\t\t\t\t\t<div class=\"elementor-column elementor-col-100 elementor-top-column elementor-element elementor-element-cd4e308\" data-id=\"cd4e308\" data-element_type=\"column\">\n\t\t\t<div class=\"elementor-widget-wrap elementor-element-populated\">\n\t\t\t\t\t\t\t\t<div class=\"elementor-element elementor-element-d80eadc elementor-widget elementor-widget-spacer\" data-id=\"d80eadc\" data-element_type=\"widget\" data-widget_type=\"spacer.default\">\n\t\t\t\t<div class=\"elementor-widget-container\">\n\t\t\t<style>\/*! elementor - v3.15.0 - 20-08-2023 *\/\n.elementor-column .elementor-spacer-inner{height:var(--spacer-size)}.e-con{--container-widget-width:100%}.e-con-inner>.elementor-widget-spacer,.e-con>.elementor-widget-spacer{width:var(--container-widget-width,var(--spacer-size));--align-self:var(--container-widget-align-self,initial);--flex-shrink:0}.e-con-inner>.elementor-widget-spacer>.elementor-widget-container,.e-con-inner>.elementor-widget-spacer>.elementor-widget-container>.elementor-spacer,.e-con>.elementor-widget-spacer>.elementor-widget-container,.e-con>.elementor-widget-spacer>.elementor-widget-container>.elementor-spacer{height:100%}.e-con-inner>.elementor-widget-spacer>.elementor-widget-container>.elementor-spacer>.elementor-spacer-inner,.e-con>.elementor-widget-spacer>.elementor-widget-container>.elementor-spacer>.elementor-spacer-inner{height:var(--container-widget-height,var(--spacer-size))}<\/style>\t\t<div class=\"elementor-spacer\">\n\t\t\t<div class=\"elementor-spacer-inner\"><\/div>\n\t\t<\/div>\n\t\t\t\t<\/div>\n\t\t\t\t<\/div>\n\t\t\t\t\t<\/div>\n\t\t<\/div>\n\t\t\t\t\t\t\t<\/div>\n\t\t<\/section>\n\t\t\t\t<section class=\"elementor-section elementor-top-section elementor-element elementor-element-7c0c06e elementor-section-boxed elementor-section-height-default elementor-section-height-default\" data-id=\"7c0c06e\" data-element_type=\"section\">\n\t\t\t\t\t\t\t<div class=\"elementor-background-overlay\"><\/div>\n\t\t\t\t\t\t\t<div class=\"elementor-container elementor-column-gap-default\">\n\t\t\t\t\t<div class=\"elementor-column elementor-col-100 elementor-top-column elementor-element elementor-element-6302038\" data-id=\"6302038\" data-element_type=\"column\">\n\t\t\t<div class=\"elementor-widget-wrap elementor-element-populated\">\n\t\t\t\t\t\t\t\t<div class=\"elementor-element elementor-element-33d6c45 elementor-widget elementor-widget-text-editor\" data-id=\"33d6c45\" data-element_type=\"widget\" data-widget_type=\"text-editor.default\">\n\t\t\t\t<div class=\"elementor-widget-container\">\n\t\t\t<style>\/*! elementor - v3.15.0 - 20-08-2023 *\/\n.elementor-widget-text-editor.elementor-drop-cap-view-stacked .elementor-drop-cap{background-color:#69727d;color:#fff}.elementor-widget-text-editor.elementor-drop-cap-view-framed .elementor-drop-cap{color:#69727d;border:3px solid;background-color:transparent}.elementor-widget-text-editor:not(.elementor-drop-cap-view-default) .elementor-drop-cap{margin-top:8px}.elementor-widget-text-editor:not(.elementor-drop-cap-view-default) .elementor-drop-cap-letter{width:1em;height:1em}.elementor-widget-text-editor .elementor-drop-cap{float:left;text-align:center;line-height:1;font-size:50px}.elementor-widget-text-editor .elementor-drop-cap-letter{display:inline-block}<\/style>\t\t\t\t<p style=\"text-align: center;\"><strong>S\u012bkdat\u0146u politika<\/strong><\/p><p>L\u016bdzam izlas\u012bt \u0161\u012b S\u012bkdat\u0146u politiku pirms t\u012bmek\u013ca vietnes un\/vai mobil\u0101s lietotnes <a href=\"https:\/\/helesnutrition.com\/lv\/\">www.helesnutrition.com<\/a> (turpm\u0101k \u2013 \u201cVietne\u201d) lieto\u0161anas jebkuram m\u0113r\u0137im.<br \/>\u0160\u012b S\u012bkdat\u0146u politika kop\u0101 ar <a href=\"https:\/\/helesnutrition.com\/lv\/privacy-policy\/\">Priv\u0101tuma politiku<\/a> un <a href=\"https:\/\/helesnutrition.com\/lv\/terms-of-use\/\">Vietnes Lieto\u0161anas noteikumiem<\/a> regul\u0113 SIA \u201eVitacom\u201d, vienotais re\u0123istr\u0101cijas numurs 40203448490, juridisk\u0101 adrese: Maskavas iela 425-104, R\u012bga, LV-1063, Latvija (turpm\u0101k \u2013 \u201cM\u0113s\u201d) Vietnes lieto\u0161anu un taj\u0101 sniegto inform\u0101ciju un pakalpojumus.<br \/>Ikreiz, kad Vietn\u0113 r\u0101d\u0101s attiec\u012bgs logs, Jums b\u016bs vai nu j\u0101pie\u0146em (\u201cPiekr\u012btu\u201d), vai j\u0101noraida (\u201cNepiekr\u012btu\u201d) S\u012bkdatnes. L\u016bdzam \u0146emt v\u0113r\u0101, ka, ja J\u016bs nospied\u012bsiet tausti\u0146u \u201cNepiekr\u012btu\u201d S\u012bkdatnes, Jums var b\u016bt nepieejamas atsevi\u0161\u0137as Vietnes funkcijas.<br \/>Turpinot lietot Vietni, nemainot S\u012bkdat\u0146u iestat\u012bjumus (k\u0101 aprakst\u012bts \u0161aj\u0101 S\u012bkdat\u0146u politik\u0101), jebkur\u0161 Vietnes lietot\u0101js (turpm\u0101k \u2013 \u201cJ\u016bs\u201d, \u201cApmekl\u0113t\u0101js\u201d) piekr\u012bt, ka M\u0113s varam ievietot s\u012bkdatnes J\u016bsu ier\u012bc\u0113.<br \/>Defin\u012bcijas<br \/>1.1. Ier\u012bce \u2013 dators, plan\u0161etdators, mobilais t\u0101lrunis vai cita ier\u012bce, kuru J\u016bs izmantojat, lai piek\u013c\u016btu Vietnei.<br \/>1.2. S\u012bkdatne\/-s \u2013 mazi teksta faili, kas satur nelielu inform\u0101cijas da\u013cu, un kuri tiek ievietoti J\u016bsu p\u0101rl\u016bkprogrammas vai Ier\u012bces atmi\u0146\u0101, kad J\u016bs apmekl\u0113jat Vietni. Vietne tos izmanto vair\u0101kiem m\u0113r\u0137iem, piem\u0113ram, identific\u0113\u0161anai, vai J\u016bs esat jauns apmekl\u0113t\u0101js vai atk\u0101rtots lietot\u0101js, vai J\u016bsu uzved\u012bbas anal\u012bzei Vietn\u0113, iepirkumu groza vien\u012bbu atcer\u0113\u0161anai utt. Pan\u0101kt t\u0101du funkciju veik\u0161anu, kuras parasti sasniedz ar S\u012bkdat\u0146u pal\u012bdz\u012bbu, var ar\u012b, izmantojot citus pa\u0146\u0113miens (\u201cl\u012bdz\u012bg\u0101s tehnolo\u0123ijas\u201d), piem\u0113ram, HTML5 localStorage, Flash s\u012bkfaili (Local Shared Objects), Ier\u012bces \u201cpirkstu nospiedumu las\u012bt\u0101js\u201d u.c.<br \/>1.3. Pirm\u0101s personas\/Vietnes s\u012bkdatne \u2013 S\u012bkdatne, ko iestata Vietne. To var izlas\u012bt tikai \u0161\u012b Vietne.<br \/>1.4. Tre\u0161\u0101s personas s\u012bkdatne \u2013 S\u012bkdatne, kuru Vietne izmanto k\u0101 \u0101r\u0113jus pakalpojumus, kuru Vietn\u0113 ievieto cits dom\u0113ns.<br \/>1.5. Oblig\u0101t\u0101s s\u012bkdatnes \u2013 s\u012bkdatnes, kas ir nepiecie\u0161amas tam, lai J\u016bs var\u0113tu p\u0101rl\u016bkot Vietni un izmantot t\u0101s funkcijas, piem\u0113ram, iegaum\u0113t veidn\u0113s ievad\u012bto inform\u0101ciju seansa laik\u0101. Ja pievienojat vienumus savam grozam, \u0161\u0101das s\u012bkdatnes \u013cauj vienumiem palikt iepirkumu groz\u0101, kad v\u0113laties nor\u0113\u0137in\u0101ties. Bez \u0161\u012bm s\u012bkdatn\u0113m b\u016btu neiesp\u0113jami sniegt noteiktus Vietnes pakalpojumus, t\u0101 darbotos ne tik gludi k\u0101 paredz\u0113ts.<br \/>1.6. Funkcion\u0101l\u0101s s\u012bkdatnes \u2013 s\u012bkdatnes, kas \u012bpa\u0161i izmantotas, lai v\u0101ktu datus par to, k\u0101 J\u016bs izmantojat Vietni, kuras Vietnes lapas tiek apmekl\u0113tas visbie\u017e\u0101k, ka ar\u012b pal\u012bdz atcer\u0113ties J\u016bsu izv\u0113les un iestat\u012bjumus (piem\u0113ram, valodas vai laika zonas). \u0160\u012bs s\u012bkdatnes uzrauga tikai Vietnes veiktsp\u0113ju. \u0160\u012bs s\u012bkdatnes neapkopo identific\u0113jamu inform\u0101ciju par Jums, tas noz\u012bm\u0113, ka visi sav\u0101ktie dati ir anon\u012bmi un tiek izmantoti tikai Vietnes funkcionalit\u0101tes uzlabo\u0161anai.<br \/>1.7. Anal\u012btisk\u0101s s\u012bkdatnes \u2013 s\u012bkdatnes, kas Mums par\u0101da, vai J\u016bs jau k\u0101dreiz apmekl\u0113j\u0101t Vietni. \u0160\u012bs anon\u012bm\u0101s s\u012bkdatnes pal\u012bdz Mums izsekot lietot\u0101ju skaitu un vi\u0146u apmekl\u0113jumu periodiskumu. \u0160\u012bs s\u012bkdatnes v\u0101c inform\u0101ciju par Vietnes izmanto\u0161anu un pal\u012bdz pilnveidot Vietnes darb\u012bbu. Piem\u0113ram, Anal\u012btisk\u0101s s\u012bkdatnes var par\u0101d\u012bt, kuras Vietnes lapas tiek apmekl\u0113tas visbie\u017e\u0101k, pal\u012bdz\u0113t re\u0123istr\u0113t Vietn\u0113 notieko\u0161os trauc\u0113jumus un tml.<br \/>1.8. Rekl\u0101mas (m\u0113r\u0137a) s\u012bkdatnes \u2013 s\u012bkdatnes, kas Mums \u013cauj fiks\u0113t J\u016bsu apmekl\u0113jumus Vietn\u0113, lap\u0101s, kuras apmekl\u0113j\u0101t pirms tam, un saites, kuras atv\u0113r\u0101t. M\u0113s izmantosim \u0161o inform\u0101ciju tam, lai r\u0101d\u0101m\u0101 rekl\u0101ma atbilstu J\u016bsu interes\u0113m. M\u0113r\u0137a vai rekl\u0101mas s\u012bkdatnes Mums \u013cauj uzzin\u0101t, vai jau redz\u0113j\u0101t konkr\u0113to rekl\u0101mu vai noteikta tipa rekl\u0101mu, un cik ilgs laiks pag\u0101jis no br\u012b\u017ea, kad to redz\u0113j\u0101t. Varam izmantot cita subjekta noteiktas s\u012bkdatnes, lai var\u0113tu sniegt prec\u012bz\u0101k Jums orient\u0113tu rekl\u0101mu. T\u0101s tiek izmantotas ar\u012b tam, lai noteiktas rekl\u0101mas J\u016bs redz\u0113tu tikai noteiktu rei\u017eu skaitu un, lai tas pal\u012bdz\u0113tu izm\u0113r\u012bt rekl\u0101mas efektivit\u0101ti.<br \/>S\u012bkdatnes izmanto\u0161anas m\u0113r\u0137i un glab\u0101\u0161anas laiks<br \/>2.1. S\u012bkdatnes tiek izmantotas, lai veicin\u0101tu Vietnes funkcion\u0113\u0161anu, efekt\u012bv\u0101ku funkcion\u0113\u0161anu, k\u0101 ar\u012b, lai sniegtu Mums inform\u0101ciju. Tas noz\u012bm\u0113, ka S\u012bkdatnes var pild\u012bt da\u017e\u0101dus uzdevumus, piem\u0113ram, atcer\u0113ties J\u016bsu iestat\u012bjumus (piem\u0113ram, izvel\u0113to valodu vai laika zonu), analiz\u0113t datu pl\u016bsmu, piel\u0101got rekl\u0101mu, kopum\u0101 uzlabot lietot\u0101ju pieredzi utt. T\u0101d\u0113j\u0101di, kad vien\u0101 apmekl\u0113juma reiz\u0113 p\u0101rl\u016bkojat da\u017e\u0101das vietnes lapas, Jums iestat\u012bjumi nav j\u0101nor\u0101da atk\u0101rtoti. S\u012bkdatnes var izmantot ar\u012b tam, lai izveidotu anon\u012bmu statistiku par M\u016bsu Vietnes p\u0101rl\u016bko\u0161anas pieredzi. M\u0113s izmantojam Pirm\u0101s personas un Tre\u0161\u0101s personas s\u012bkdatnes.<br \/>2.2. S\u012bkdatnes var tikt glab\u0101tas J\u016bsu p\u0101rl\u016bkprogramm\u0101 vai Ier\u012bc\u0113 da\u017e\u0101dus laika posmus. Piem\u0113ram, sesijas S\u012bkdatnes tiek dz\u0113stas no Ier\u012bces p\u0113c p\u0101rl\u016bkprogrammas aizv\u0113r\u0161anas. Past\u0101v\u012bg\u0101s S\u012bkdatnes var glab\u0101ties J\u016bsu Ier\u012bc\u0113 l\u012bdz br\u012bdim, kam\u0113r J\u016bs t\u0101s neizdz\u0113s\u012bsiet vai l\u012bdz to termi\u0146a beig\u0101m.<br \/>Vietn\u0113 izmantot\u0101s S\u012bkdatnes<br \/>3.1. Katru reizi, kad apmekl\u0113jat M\u016bsu Vietni, var tikt izveidotas past\u0101v\u012bg\u0101s S\u012bkdatnes, kuras paliek J\u016bsu dator\u0101 p\u0113c J\u016bsu izie\u0161anas un tiks izmantotas tad, kad J\u016bs atkal apmekl\u0113siet M\u016bsu Vietni; t\u0101s darbojas un netiek izdz\u0113stas, kad beidzat p\u0101rl\u016bkot Vietni. T\u0101pat var tikt izveidotas \u012bslaic\u012bg\u0101s (seansa) S\u012bkdatnes, kas tiek autom\u0101tiski izdz\u0113stas, kad J\u016bs beidzat Vietnes p\u0101rl\u016bko\u0161anu.<br \/>3.2. Papildu inform\u0101cija par S\u012bkdatn\u0113m ir pieejama \u0161eit: <a href=\"https:\/\/www.cookieserve.com\">https:\/\/www.cookieserve.com<\/a><br \/>S\u012bkdat\u0146u atsp\u0113jo\u0161ana, blo\u0137\u0113\u0161ana<br \/>4.1. Apmekl\u0113t\u0101js p\u0113c saviem ieskatiem var blo\u0137\u0113t vai izdz\u0113st S\u012bkdatnes un taml\u012bdz\u012bgus unik\u0101los identifikatorus, ja vien to vi\u0146am \u013cauj p\u0101rl\u016bka vai Ier\u012bces iestat\u012bjumi. P\u0113c izv\u0113les S\u012bkdatnes varat kontrol\u0113t un dz\u0113st; s\u012bk\u0101ka inform\u0101cija <a href=\"https:\/\/www.aboutcookies.org\">https:\/\/www.aboutcookies.org<\/a><br \/>4.2. Tom\u0113r piev\u0113r\u0161am J\u016bsu uzman\u012bbu, ka Oblig\u0101t\u0101s S\u012bkdatnes ir Vietnes lieto\u0161anas priek\u0161nosac\u012bjums. Ja atsp\u0113josiet \u0161\u012bs S\u012bkdatnes, nevaram b\u016bt dro\u0161i, k\u0101 un vai visp\u0101r M\u016bsu Vietne darbosies. Ja atsp\u0113josiet vai blo\u0137\u0113siet S\u012bkdatnes vai citas taml\u012bdz\u012bgas tehnolo\u0123ijas, atsevi\u0161\u0137as Vietnes funkcijas Jums var b\u016bt nepieejamas vai ar\u012b t\u0101s var nedarboties k\u0101rt\u012bgi.<br \/>4.3. J\u016bs varat izv\u0113l\u0113ties at\u013caut, blo\u0137\u0113t vai dz\u0113st S\u012bkdatnes sav\u0101 p\u0101rl\u016bkprogramm\u0101. Katras p\u0101rl\u016bkprogrammas m\u0101jaslap\u0101 ir pieejama instrukcija k\u0101 to izdar\u012bt.<br \/>4.4. Atteikties no \u201cGoogle Analytics\u201d inform\u0101cijas v\u0101k\u0161anas iesp\u0113jams, lejupiel\u0101d\u0113jot un instal\u0113jot p\u0101rl\u016bkprogrammas papildu r\u012bku, kas pieejams \u0161eit: <a href=\"https:\/\/tools.google.com\/dlpage\/gaoptout\">https:\/\/tools.google.com\/dlpage\/gaoptout<\/a><br \/>4.5. Lai atteiktos no m\u0113r\u0137tiec\u012bgas rekl\u0101mas Facebook un Google, l\u016bdzam izmantot J\u016bsu Facebook (<a href=\"https:\/\/www.facebook.com\/ads\/settings\">https:\/\/www.facebook.com\/ads\/settings<\/a>) vai Google Ads (<a href=\"https:\/\/adssettings.google.com\/\">https:\/\/adssettings.google.com\/<\/a>) profila iestat\u012bjumus.<br \/>Izmai\u0146as S\u012bkdat\u0146u politik\u0101<br \/>5.1. Mums ir ties\u012bbas vienpus\u0113ji veikt izmai\u0146as \u0161aj\u0101 S\u012bkdat\u0146u politik\u0101. Izmai\u0146as st\u0101jas sp\u0113k\u0101 dien\u0101, kad atjaunin\u0101ta S\u012bkdat\u0146u politika ir public\u0113ta Vietn\u0113, ja vien S\u012bkdat\u0146u politik\u0101 nav noteikts v\u0113l\u0101ks sp\u0113k\u0101 st\u0101\u0161an\u0101s termi\u0146\u0161.<\/p>\t\t\t\t\t\t<\/div>\n\t\t\t\t<\/div>\n\t\t\t\t\t<\/div>\n\t\t<\/div>\n\t\t\t\t\t\t\t<\/div>\n\t\t<\/section>\n\t\t\t\t<section class=\"elementor-section elementor-top-section elementor-element elementor-element-54e6c28 elementor-section-boxed elementor-section-height-default elementor-section-height-default\" data-id=\"54e6c28\" data-element_type=\"section\">\n\t\t\t\t\t\t\t<div class=\"elementor-background-overlay\"><\/div>\n\t\t\t\t\t\t\t<div class=\"elementor-container elementor-column-gap-default\">\n\t\t\t\t\t<div class=\"elementor-column elementor-col-100 elementor-top-column elementor-element elementor-element-afc5bcb\" data-id=\"afc5bcb\" data-element_type=\"column\">\n\t\t\t<div class=\"elementor-widget-wrap\">\n\t\t\t\t\t\t\t\t\t<\/div>\n\t\t<\/div>\n\t\t\t\t\t\t\t<\/div>\n\t\t<\/section>\n\t\t\t\t\t\t\t<\/div>\n\t\t","protected":false},"excerpt":{"rendered":"<p>S\u012bkdat\u0146u politika L\u016bdzam izlas\u012bt \u0161\u012b S\u012bkdat\u0146u politiku pirms t\u012bmek\u013ca vietnes un\/vai mobil\u0101s lietotnes www.helesnutrition.com (turpm\u0101k \u2013 \u201cVietne\u201d) lieto\u0161anas jebkuram m\u0113r\u0137im. \u0160\u012b S\u012bkdat\u0146u politika kop\u0101 ar Priv\u0101tuma politiku un Vietnes Lieto\u0161anas noteikumiem regul\u0113 SIA \u201eVitacom\u201d, vienotais re\u0123istr\u0101cijas numurs 40203448490, juridisk\u0101 adrese: Maskavas iela 425-104, R\u012bga, LV-1063, Latvija (turpm\u0101k \u2013 \u201cM\u0113s\u201d) Vietnes lieto\u0161anu un taj\u0101 sniegto inform\u0101ciju [&hellip;]<\/p>\n","protected":false},"author":2,"featured_media":0,"parent":0,"menu_order":0,"comment_status":"closed","ping_status":"closed","template":"elementor_header_footer","meta":{"_monsterinsights_skip_tracking":false,"_monsterinsights_sitenote_active":false,"_monsterinsights_sitenote_note":"","_monsterinsights_sitenote_category":0,"_glsr_average":0,"_glsr_ranking":0,"_glsr_reviews":0,"footnotes":""},"class_list":["post-1340","page","type-page","status-publish","hentry"],"yoast_head":"<!-- This site is optimized with the Yoast SEO Premium plugin v21.0 (Yoast SEO v21.1) - https:\/\/yoast.com\/wordpress\/plugins\/seo\/ -->\n<title>Cookie policy - Heles Nutrition<\/title>\n<meta name=\"robots\" content=\"index, follow, max-snippet:-1, max-image-preview:large, max-video-preview:-1\" \/>\n<link rel=\"canonical\" href=\"https:\/\/helesnutrition.com\/lv\/cookie-policy\/\" \/>\n<meta property=\"og:locale\" content=\"lv_LV\" \/>\n<meta property=\"og:type\" content=\"article\" \/>\n<meta property=\"og:title\" content=\"Cookie policy\" \/>\n<meta property=\"og:description\" content=\"S\u012bkdat\u0146u politika L\u016bdzam izlas\u012bt \u0161\u012b S\u012bkdat\u0146u politiku pirms t\u012bmek\u013ca vietnes un\/vai mobil\u0101s lietotnes www.helesnutrition.com (turpm\u0101k \u2013 \u201cVietne\u201d) lieto\u0161anas jebkuram m\u0113r\u0137im. \u0160\u012b S\u012bkdat\u0146u politika kop\u0101 ar Priv\u0101tuma politiku un Vietnes Lieto\u0161anas noteikumiem regul\u0113 SIA \u201eVitacom\u201d, vienotais re\u0123istr\u0101cijas numurs 40203448490, juridisk\u0101 adrese: Maskavas iela 425-104, R\u012bga, LV-1063, Latvija (turpm\u0101k \u2013 \u201cM\u0113s\u201d) Vietnes lieto\u0161anu un taj\u0101 sniegto inform\u0101ciju [&hellip;]\" \/>\n<meta property=\"og:url\" content=\"https:\/\/helesnutrition.com\/lv\/cookie-policy\/\" \/>\n<meta property=\"og:site_name\" content=\"Heles Nutrition\" \/>\n<meta property=\"article:publisher\" content=\"https:\/\/www.facebook.com\/profile.php?id=100093681000442\" \/>\n<meta property=\"article:modified_time\" content=\"2023-09-10T15:07:44+00:00\" \/>\n<meta name=\"twitter:card\" content=\"summary_large_image\" \/>\n<meta name=\"twitter:label1\" content=\"Est. reading time\" \/>\n\t<meta name=\"twitter:data1\" content=\"5 minutes\" \/>\n<script type=\"application\/ld+json\" class=\"yoast-schema-graph\">{\"@context\":\"https:\/\/schema.org\",\"@graph\":[{\"@type\":\"WebPage\",\"@id\":\"https:\/\/helesnutrition.com\/lv\/cookie-policy\/\",\"url\":\"https:\/\/helesnutrition.com\/lv\/cookie-policy\/\",\"name\":\"Cookie policy - Heles Nutrition\",\"isPartOf\":{\"@id\":\"https:\/\/helesnutrition.com\/#website\"},\"datePublished\":\"2023-09-01T11:24:47+00:00\",\"dateModified\":\"2023-09-10T15:07:44+00:00\",\"breadcrumb\":{\"@id\":\"https:\/\/helesnutrition.com\/lv\/cookie-policy\/#breadcrumb\"},\"inLanguage\":\"lv-LV\",\"potentialAction\":[{\"@type\":\"ReadAction\",\"target\":[\"https:\/\/helesnutrition.com\/lv\/cookie-policy\/\"]}]},{\"@type\":\"BreadcrumbList\",\"@id\":\"https:\/\/helesnutrition.com\/lv\/cookie-policy\/#breadcrumb\",\"itemListElement\":[{\"@type\":\"ListItem\",\"position\":1,\"name\":\"Home\",\"item\":\"https:\/\/helesnutrition.com\/lv\/\"},{\"@type\":\"ListItem\",\"position\":2,\"name\":\"Cookie policy\"}]},{\"@type\":\"WebSite\",\"@id\":\"https:\/\/helesnutrition.com\/#website\",\"url\":\"https:\/\/helesnutrition.com\/\",\"name\":\"Heles Nutrition\",\"description\":\"Collagen is the basis of our body. Heles Nutrition\u00ae Collagen Peptides is a great solution to add collagen to our diet. Bovine Collagen Peptides. Hydrolyzed Collagen. Health &amp; Beauty. Heles Nutrition\u00ae Kolag\u0113na Pept\u012bdi. \u041f\u0435\u043f\u0442\u0438\u0434\u044b \u041a\u043e\u043b\u043b\u0430\u0433\u0435\u043d\u0430 Heles Nutrition\u00ae.\",\"publisher\":{\"@id\":\"https:\/\/helesnutrition.com\/#organization\"},\"potentialAction\":[{\"@type\":\"SearchAction\",\"target\":{\"@type\":\"EntryPoint\",\"urlTemplate\":\"https:\/\/helesnutrition.com\/?s={search_term_string}\"},\"query-input\":\"required name=search_term_string\"}],\"inLanguage\":\"lv-LV\"},{\"@type\":\"Organization\",\"@id\":\"https:\/\/helesnutrition.com\/#organization\",\"name\":\"Heles Nutrition\",\"url\":\"https:\/\/helesnutrition.com\/\",\"logo\":{\"@type\":\"ImageObject\",\"inLanguage\":\"lv-LV\",\"@id\":\"https:\/\/helesnutrition.com\/#\/schema\/logo\/image\/\",\"url\":\"https:\/\/helesnutrition.com\/wp-content\/uploads\/2023\/09\/HELES-NUTRITION-R.png\",\"contentUrl\":\"https:\/\/helesnutrition.com\/wp-content\/uploads\/2023\/09\/HELES-NUTRITION-R.png\",\"width\":370,\"height\":370,\"caption\":\"Heles Nutrition\"},\"image\":{\"@id\":\"https:\/\/helesnutrition.com\/#\/schema\/logo\/image\/\"},\"sameAs\":[\"https:\/\/www.facebook.com\/profile.php?id=100093681000442\",\"https:\/\/www.instagram.com\/helesnutrition\/\"]}]}<\/script>\n<!-- \/ Yoast SEO Premium plugin. -->","yoast_head_json":{"title":"Cookie policy - Heles Nutrition","robots":{"index":"index","follow":"follow","max-snippet":"max-snippet:-1","max-image-preview":"max-image-preview:large","max-video-preview":"max-video-preview:-1"},"canonical":"https:\/\/helesnutrition.com\/lv\/cookie-policy\/","og_locale":"lv_LV","og_type":"article","og_title":"Cookie policy","og_description":"S\u012bkdat\u0146u politika L\u016bdzam izlas\u012bt \u0161\u012b S\u012bkdat\u0146u politiku pirms t\u012bmek\u013ca vietnes un\/vai mobil\u0101s lietotnes www.helesnutrition.com (turpm\u0101k \u2013 \u201cVietne\u201d) lieto\u0161anas jebkuram m\u0113r\u0137im. \u0160\u012b S\u012bkdat\u0146u politika kop\u0101 ar Priv\u0101tuma politiku un Vietnes Lieto\u0161anas noteikumiem regul\u0113 SIA \u201eVitacom\u201d, vienotais re\u0123istr\u0101cijas numurs 40203448490, juridisk\u0101 adrese: Maskavas iela 425-104, R\u012bga, LV-1063, Latvija (turpm\u0101k \u2013 \u201cM\u0113s\u201d) Vietnes lieto\u0161anu un taj\u0101 sniegto inform\u0101ciju [&hellip;]","og_url":"https:\/\/helesnutrition.com\/lv\/cookie-policy\/","og_site_name":"Heles Nutrition","article_publisher":"https:\/\/www.facebook.com\/profile.php?id=100093681000442","article_modified_time":"2023-09-10T15:07:44+00:00","twitter_card":"summary_large_image","twitter_misc":{"Est. reading time":"5 minutes"},"schema":{"@context":"https:\/\/schema.org","@graph":[{"@type":"WebPage","@id":"https:\/\/helesnutrition.com\/lv\/cookie-policy\/","url":"https:\/\/helesnutrition.com\/lv\/cookie-policy\/","name":"Cookie policy - Heles Nutrition","isPartOf":{"@id":"https:\/\/helesnutrition.com\/#website"},"datePublished":"2023-09-01T11:24:47+00:00","dateModified":"2023-09-10T15:07:44+00:00","breadcrumb":{"@id":"https:\/\/helesnutrition.com\/lv\/cookie-policy\/#breadcrumb"},"inLanguage":"lv-LV","potentialAction":[{"@type":"ReadAction","target":["https:\/\/helesnutrition.com\/lv\/cookie-policy\/"]}]},{"@type":"BreadcrumbList","@id":"https:\/\/helesnutrition.com\/lv\/cookie-policy\/#breadcrumb","itemListElement":[{"@type":"ListItem","position":1,"name":"Home","item":"https:\/\/helesnutrition.com\/lv\/"},{"@type":"ListItem","position":2,"name":"Cookie policy"}]},{"@type":"WebSite","@id":"https:\/\/helesnutrition.com\/#website","url":"https:\/\/helesnutrition.com\/","name":"Heles Nutrition","description":"Collagen is the basis of our body. Heles Nutrition\u00ae Collagen Peptides is a great solution to add collagen to our diet. Bovine Collagen Peptides. Hydrolyzed Collagen. Health &amp; Beauty. Heles Nutrition\u00ae Kolag\u0113na Pept\u012bdi. \u041f\u0435\u043f\u0442\u0438\u0434\u044b \u041a\u043e\u043b\u043b\u0430\u0433\u0435\u043d\u0430 Heles Nutrition\u00ae.","publisher":{"@id":"https:\/\/helesnutrition.com\/#organization"},"potentialAction":[{"@type":"SearchAction","target":{"@type":"EntryPoint","urlTemplate":"https:\/\/helesnutrition.com\/?s={search_term_string}"},"query-input":"required name=search_term_string"}],"inLanguage":"lv-LV"},{"@type":"Organization","@id":"https:\/\/helesnutrition.com\/#organization","name":"Heles Nutrition","url":"https:\/\/helesnutrition.com\/","logo":{"@type":"ImageObject","inLanguage":"lv-LV","@id":"https:\/\/helesnutrition.com\/#\/schema\/logo\/image\/","url":"https:\/\/helesnutrition.com\/wp-content\/uploads\/2023\/09\/HELES-NUTRITION-R.png","contentUrl":"https:\/\/helesnutrition.com\/wp-content\/uploads\/2023\/09\/HELES-NUTRITION-R.png","width":370,"height":370,"caption":"Heles Nutrition"},"image":{"@id":"https:\/\/helesnutrition.com\/#\/schema\/logo\/image\/"},"sameAs":["https:\/\/www.facebook.com\/profile.php?id=100093681000442","https:\/\/www.instagram.com\/helesnutrition\/"]}]}},"_links":{"self":[{"href":"https:\/\/helesnutrition.com\/lv\/wp-json\/wp\/v2\/pages\/1340"}],"collection":[{"href":"https:\/\/helesnutrition.com\/lv\/wp-json\/wp\/v2\/pages"}],"about":[{"href":"https:\/\/helesnutrition.com\/lv\/wp-json\/wp\/v2\/types\/page"}],"author":[{"embeddable":true,"href":"https:\/\/helesnutrition.com\/lv\/wp-json\/wp\/v2\/users\/2"}],"replies":[{"embeddable":true,"href":"https:\/\/helesnutrition.com\/lv\/wp-json\/wp\/v2\/comments?post=1340"}],"version-history":[{"count":16,"href":"https:\/\/helesnutrition.com\/lv\/wp-json\/wp\/v2\/pages\/1340\/revisions"}],"predecessor-version":[{"id":1880,"href":"https:\/\/helesnutrition.com\/lv\/wp-json\/wp\/v2\/pages\/1340\/revisions\/1880"}],"wp:attachment":[{"href":"https:\/\/helesnutrition.com\/lv\/wp-json\/wp\/v2\/media?parent=1340"}],"curies":[{"name":"wp","href":"https:\/\/api.w.org\/{rel}","templated":true}]}}