{"id":3117,"date":"2023-09-21T09:31:39","date_gmt":"2023-09-21T06:31:39","guid":{"rendered":"https:\/\/helesnutrition.com\/?page_id=3117"},"modified":"2023-10-04T13:00:23","modified_gmt":"2023-10-04T10:00:23","slug":"return-policy","status":"publish","type":"page","link":"https:\/\/helesnutrition.com\/lv\/return-policy\/","title":{"rendered":"Return Policy"},"content":{"rendered":"\t\t<div data-elementor-type=\"wp-page\" data-elementor-id=\"3117\" class=\"elementor elementor-3117 elementor-3059\" data-elementor-post-type=\"page\">\n\t\t\t\t\t\t\t\t\t<section class=\"elementor-section elementor-top-section elementor-element elementor-element-192fcde elementor-section-boxed elementor-section-height-default elementor-section-height-default\" data-id=\"192fcde\" data-element_type=\"section\">\n\t\t\t\t\t\t<div class=\"elementor-container elementor-column-gap-default\">\n\t\t\t\t\t<div class=\"elementor-column elementor-col-100 elementor-top-column elementor-element elementor-element-7d63a38\" data-id=\"7d63a38\" data-element_type=\"column\">\n\t\t\t<div class=\"elementor-widget-wrap elementor-element-populated\">\n\t\t\t\t\t\t\t\t<div class=\"elementor-element elementor-element-8315613 elementor-widget elementor-widget-text-editor\" data-id=\"8315613\" data-element_type=\"widget\" data-widget_type=\"text-editor.default\">\n\t\t\t\t<div class=\"elementor-widget-container\">\n\t\t\t<style>\/*! elementor - v3.15.0 - 20-08-2023 *\/\n.elementor-widget-text-editor.elementor-drop-cap-view-stacked .elementor-drop-cap{background-color:#69727d;color:#fff}.elementor-widget-text-editor.elementor-drop-cap-view-framed .elementor-drop-cap{color:#69727d;border:3px solid;background-color:transparent}.elementor-widget-text-editor:not(.elementor-drop-cap-view-default) .elementor-drop-cap{margin-top:8px}.elementor-widget-text-editor:not(.elementor-drop-cap-view-default) .elementor-drop-cap-letter{width:1em;height:1em}.elementor-widget-text-editor .elementor-drop-cap{float:left;text-align:center;line-height:1;font-size:50px}.elementor-widget-text-editor .elementor-drop-cap-letter{display:inline-block}<\/style>\t\t\t\t<p style=\"text-align: center;\"><strong>Atgrie\u0161anas nosac\u012bjumi (atteikuma ties\u012bbas)<\/strong><\/p><p><br \/>1. Atteikuma ties\u012bbas ir Pirc\u0113ja (fiziskas personas, kas Pat\u0113r\u0113t\u0101ju ties\u012bbu aizsardz\u012bbas likuma kontekst\u0101 ir \u201epat\u0113r\u0113t\u0101js\u201d) ties\u012bbas 14 dienu laik\u0101, skaitot no dienas, kad Pirc\u0113js vai Pirc\u0113ja nor\u0101d\u012bta tre\u0161\u0101 persona ir sa\u0146\u0113musi Preces, atteikties no Prec\u0113m saska\u0146\u0101 ar Atteikuma ties\u012bbu izmanto\u0161anas k\u0101rt\u012bbu. <br \/>2. Atteikuma ties\u012bbas nevar izmantot, ja Pirc\u0113js: <br \/>2. 1. ir ieg\u0101d\u0101jies Preces, kas \u0101tri boj\u0101jas vai ir \u0101tri izlietojamas (p\u0101rtika, noteikta veida kosm\u0113tika);<br \/>2. 2. ir ieg\u0101d\u0101jies medic\u012bnisk\u0101s ier\u012bces, kosm\u0113tiku, uztura bag\u0101tin\u0101t\u0101jus, kuriem nepiecie\u0161ami noteikti uzglab\u0101\u0161anas apst\u0101k\u013ci, par kuru iev\u0113ro\u0161anu, kam\u0113r tie atrodas pie Pirc\u0113ja, P\u0101rdev\u0113js nevar\u0113s p\u0101rliecin\u0101ties, jo \u0161\u0101du Pre\u010du uzglab\u0101\u0161ana ir j\u0101nodro\u0161ina atbilsto\u0161i \u0161o Pre\u010du ra\u017eot\u0101ju dotajiem nor\u0101d\u012bjumiem (atbilsto\u0161s gaisa mitruma l\u012bmenis, aizsardz\u012bba pret tie\u0161u gaismas un saules staru iedarb\u012bbu, \u0137\u012bmisko un asi kod\u012bgo vielu un specifisku smaku kl\u0101tb\u016btnes neesam\u012bba, atbilsto\u0161as temperat\u016bras nodro\u0161in\u0101\u0161ana, un citi specifiski ra\u017eot\u0101ja dotie uzglab\u0101\u0161anas ierobe\u017eojumi);<br \/>2. 3. ir atv\u0113ris Preces iepakojumu vai, ja iepakojums vai Preces ir boj\u0101tas. <br \/>3. Par Atteikuma ties\u012bbu izmanto\u0161anu Pirc\u0113js pazi\u0146o P\u0101rdev\u0113jam, aizpildot atteikuma veidlapu, kas ieg\u016bstama internet\u0101 p\u0113c \u0161\u0101das adreses: <a href=\"http:\/\/likumi.lv\/ta\/id\/266462-noteikumi-par-distances-ligumu\">http:\/\/likumi.lv\/ta\/id\/266462-noteikumi-par-distances-ligumu<\/a>. Aizpild\u012bto veidlapu, r\u0113\u0137inu (t\u0101 numuru) un Pas\u016bt\u012bjuma numuru (turpm\u0101k \u2013 atteikums) Pirc\u0113js nos\u016bta P\u0101rdev\u0113jam uz e-pasta adresi <a href=\"mailto:shop@helesnutrition.com\">shop@helesnutrition.com<\/a>. P\u0113c atteikuma sa\u0146em\u0161anas P\u0101rdev\u0113js pazi\u0146o Pirc\u0113jam, ka tas atteikumu ir sa\u0146\u0113mis, k\u0101 ar\u012b inform\u0113 par pie\u0146emto l\u0113mumu vai l\u0113muma pie\u0146em\u0161anas laiku. Atteikuma veidlapa pieejama p\u0113c piepras\u012bjuma nos\u016bt\u012b\u0161anas uz e-pasta adresi <a href=\"mailto:shop@helesnutrition.com\">shop@helesnutrition.com<\/a>. <br \/>4. Pirc\u0113ja pien\u0101kums ir bez kav\u0113\u0161an\u0101s, bet ne v\u0113l\u0101k k\u0101 14 dienu laik\u0101 p\u0113c atteikuma nos\u016bt\u012b\u0161anas P\u0101rdev\u0113jam, atdot P\u0101rdev\u0113jam Preces, nos\u016btot t\u0101s uz adresi: Maskavas 17-301, R\u012bga, LV-1050, Latvija. Pirc\u0113jam pa\u0161am ir j\u0101sedz ar Pre\u010du atpaka\u013c atdo\u0161anu un nos\u016bt\u012b\u0161anu saist\u012bt\u0101s izmaksas. <br \/>5. P\u0101rdev\u0113js atmaks\u0101 Pirc\u0113jam no Pirc\u0113ja sa\u0146emtos maks\u0101jumus, tostarp pieg\u0101des izmaksas (iz\u0146emot papildu izmaksas, kas radu\u0161\u0101s t\u0101d\u0113\u013c, ka Pirc\u0113js izv\u0113l\u0113jies pieg\u0101des veidu, kas nav P\u0101rdev\u0113ja pied\u0101v\u0101tais visl\u0113t\u0101kais standarta pieg\u0101d\u0101\u0161anas veids) 14 dienu laik\u0101 no dienas, kad P\u0101rdev\u0113js ir sa\u0146\u0113mis no Pirc\u0113ja atteikumu (l\u0113mums atteikties no L\u012bguma) un kad P\u0101rdev\u0113js ir sa\u0146\u0113mis atpaka\u013c Preces, no kur\u0101m Pirc\u0113js atsak\u0101s. P\u0101rdev\u0113js min\u0113to naudas summu atmaks\u0101, izmantojot t\u0101da pa\u0161a veida maks\u0101\u0161anas l\u012bdzekli, k\u0101du izmantoja Pirc\u0113js, t. i. ar p\u0101rskait\u012bjumu uz Pirc\u0113ja bankas nor\u0113\u0137ina kontu, no kura bija veikts maks\u0101jums. <br \/>6. P\u0101rdev\u0113jam ir ties\u012bbas aiztur\u0113t maks\u0101jumu l\u012bdz br\u012bdim, kam\u0113r nav sa\u0146\u0113mis no Pirc\u0113ja Preces, no kur\u0101m Pirc\u0113js v\u0113las atteikties, k\u0101 ar\u012b neveikt atmaksu, ja iest\u0101jas k\u0101ds no Noteikumu 2. punkt\u0101 nor\u0101d\u012btajiem gad\u012bjumiem.<\/p>\t\t\t\t\t\t<\/div>\n\t\t\t\t<\/div>\n\t\t\t\t\t<\/div>\n\t\t<\/div>\n\t\t\t\t\t\t\t<\/div>\n\t\t<\/section>\n\t\t\t\t<section class=\"elementor-section elementor-top-section elementor-element elementor-element-419fded elementor-section-boxed elementor-section-height-default elementor-section-height-default\" data-id=\"419fded\" data-element_type=\"section\">\n\t\t\t\t\t\t<div class=\"elementor-container elementor-column-gap-default\">\n\t\t\t\t\t<div class=\"elementor-column elementor-col-100 elementor-top-column elementor-element elementor-element-5faa6db\" data-id=\"5faa6db\" data-element_type=\"column\">\n\t\t\t<div class=\"elementor-widget-wrap elementor-element-populated\">\n\t\t\t\t\t\t\t\t<div class=\"elementor-element elementor-element-33f8f05 elementor-widget elementor-widget-spacer\" data-id=\"33f8f05\" data-element_type=\"widget\" data-widget_type=\"spacer.default\">\n\t\t\t\t<div class=\"elementor-widget-container\">\n\t\t\t<style>\/*! elementor - v3.15.0 - 20-08-2023 *\/\n.elementor-column .elementor-spacer-inner{height:var(--spacer-size)}.e-con{--container-widget-width:100%}.e-con-inner>.elementor-widget-spacer,.e-con>.elementor-widget-spacer{width:var(--container-widget-width,var(--spacer-size));--align-self:var(--container-widget-align-self,initial);--flex-shrink:0}.e-con-inner>.elementor-widget-spacer>.elementor-widget-container,.e-con-inner>.elementor-widget-spacer>.elementor-widget-container>.elementor-spacer,.e-con>.elementor-widget-spacer>.elementor-widget-container,.e-con>.elementor-widget-spacer>.elementor-widget-container>.elementor-spacer{height:100%}.e-con-inner>.elementor-widget-spacer>.elementor-widget-container>.elementor-spacer>.elementor-spacer-inner,.e-con>.elementor-widget-spacer>.elementor-widget-container>.elementor-spacer>.elementor-spacer-inner{height:var(--container-widget-height,var(--spacer-size))}<\/style>\t\t<div class=\"elementor-spacer\">\n\t\t\t<div class=\"elementor-spacer-inner\"><\/div>\n\t\t<\/div>\n\t\t\t\t<\/div>\n\t\t\t\t<\/div>\n\t\t\t\t\t<\/div>\n\t\t<\/div>\n\t\t\t\t\t\t\t<\/div>\n\t\t<\/section>\n\t\t\t\t\t\t\t<\/div>\n\t\t","protected":false},"excerpt":{"rendered":"<p>Atgrie\u0161anas nosac\u012bjumi (atteikuma ties\u012bbas) 1. Atteikuma ties\u012bbas ir Pirc\u0113ja (fiziskas personas, kas Pat\u0113r\u0113t\u0101ju ties\u012bbu aizsardz\u012bbas likuma kontekst\u0101 ir \u201epat\u0113r\u0113t\u0101js\u201d) ties\u012bbas 14 dienu laik\u0101, skaitot no dienas, kad Pirc\u0113js vai Pirc\u0113ja nor\u0101d\u012bta tre\u0161\u0101 persona ir sa\u0146\u0113musi Preces, atteikties no Prec\u0113m saska\u0146\u0101 ar Atteikuma ties\u012bbu izmanto\u0161anas k\u0101rt\u012bbu. 2. Atteikuma ties\u012bbas nevar izmantot, ja Pirc\u0113js: 2. 1. ir [&hellip;]<\/p>\n","protected":false},"author":2,"featured_media":0,"parent":0,"menu_order":0,"comment_status":"closed","ping_status":"closed","template":"elementor_header_footer","meta":{"_monsterinsights_skip_tracking":false,"_monsterinsights_sitenote_active":false,"_monsterinsights_sitenote_note":"","_monsterinsights_sitenote_category":0,"_glsr_average":0,"_glsr_ranking":0,"_glsr_reviews":0,"footnotes":""},"class_list":["post-3117","page","type-page","status-publish","hentry"],"yoast_head":"<!-- This site is optimized with the Yoast SEO Premium plugin v21.0 (Yoast SEO v21.1) - https:\/\/yoast.com\/wordpress\/plugins\/seo\/ -->\n<title>Return Policy - Heles Nutrition<\/title>\n<meta name=\"robots\" content=\"index, follow, max-snippet:-1, max-image-preview:large, max-video-preview:-1\" \/>\n<link rel=\"canonical\" href=\"https:\/\/helesnutrition.com\/lv\/return-policy\/\" \/>\n<meta property=\"og:locale\" content=\"lv_LV\" \/>\n<meta property=\"og:type\" content=\"article\" \/>\n<meta property=\"og:title\" content=\"Return Policy\" \/>\n<meta property=\"og:description\" content=\"Atgrie\u0161anas nosac\u012bjumi (atteikuma ties\u012bbas) 1. Atteikuma ties\u012bbas ir Pirc\u0113ja (fiziskas personas, kas Pat\u0113r\u0113t\u0101ju ties\u012bbu aizsardz\u012bbas likuma kontekst\u0101 ir \u201epat\u0113r\u0113t\u0101js\u201d) ties\u012bbas 14 dienu laik\u0101, skaitot no dienas, kad Pirc\u0113js vai Pirc\u0113ja nor\u0101d\u012bta tre\u0161\u0101 persona ir sa\u0146\u0113musi Preces, atteikties no Prec\u0113m saska\u0146\u0101 ar Atteikuma ties\u012bbu izmanto\u0161anas k\u0101rt\u012bbu. 2. Atteikuma ties\u012bbas nevar izmantot, ja Pirc\u0113js: 2. 1. ir [&hellip;]\" \/>\n<meta property=\"og:url\" content=\"https:\/\/helesnutrition.com\/lv\/return-policy\/\" \/>\n<meta property=\"og:site_name\" content=\"Heles Nutrition\" \/>\n<meta property=\"article:publisher\" content=\"https:\/\/www.facebook.com\/profile.php?id=100093681000442\" \/>\n<meta property=\"article:modified_time\" content=\"2023-10-04T10:00:23+00:00\" \/>\n<meta name=\"twitter:card\" content=\"summary_large_image\" \/>\n<meta name=\"twitter:label1\" content=\"Est. reading time\" \/>\n\t<meta name=\"twitter:data1\" content=\"3 minutes\" \/>\n<script type=\"application\/ld+json\" class=\"yoast-schema-graph\">{\"@context\":\"https:\/\/schema.org\",\"@graph\":[{\"@type\":\"WebPage\",\"@id\":\"https:\/\/helesnutrition.com\/lv\/return-policy\/\",\"url\":\"https:\/\/helesnutrition.com\/lv\/return-policy\/\",\"name\":\"Return Policy - Heles Nutrition\",\"isPartOf\":{\"@id\":\"https:\/\/helesnutrition.com\/#website\"},\"datePublished\":\"2023-09-21T06:31:39+00:00\",\"dateModified\":\"2023-10-04T10:00:23+00:00\",\"breadcrumb\":{\"@id\":\"https:\/\/helesnutrition.com\/lv\/return-policy\/#breadcrumb\"},\"inLanguage\":\"lv-LV\",\"potentialAction\":[{\"@type\":\"ReadAction\",\"target\":[\"https:\/\/helesnutrition.com\/lv\/return-policy\/\"]}]},{\"@type\":\"BreadcrumbList\",\"@id\":\"https:\/\/helesnutrition.com\/lv\/return-policy\/#breadcrumb\",\"itemListElement\":[{\"@type\":\"ListItem\",\"position\":1,\"name\":\"Home\",\"item\":\"https:\/\/helesnutrition.com\/lv\/\"},{\"@type\":\"ListItem\",\"position\":2,\"name\":\"Return Policy\"}]},{\"@type\":\"WebSite\",\"@id\":\"https:\/\/helesnutrition.com\/#website\",\"url\":\"https:\/\/helesnutrition.com\/\",\"name\":\"Heles Nutrition\",\"description\":\"Collagen is the basis of our body. Heles Nutrition\u00ae Collagen Peptides is a great solution to add collagen to our diet. Bovine Collagen Peptides. Hydrolyzed Collagen. Health &amp; Beauty. Heles Nutrition\u00ae Kolag\u0113na Pept\u012bdi. \u041f\u0435\u043f\u0442\u0438\u0434\u044b \u041a\u043e\u043b\u043b\u0430\u0433\u0435\u043d\u0430 Heles Nutrition\u00ae.\",\"publisher\":{\"@id\":\"https:\/\/helesnutrition.com\/#organization\"},\"potentialAction\":[{\"@type\":\"SearchAction\",\"target\":{\"@type\":\"EntryPoint\",\"urlTemplate\":\"https:\/\/helesnutrition.com\/?s={search_term_string}\"},\"query-input\":\"required name=search_term_string\"}],\"inLanguage\":\"lv-LV\"},{\"@type\":\"Organization\",\"@id\":\"https:\/\/helesnutrition.com\/#organization\",\"name\":\"Heles Nutrition\",\"url\":\"https:\/\/helesnutrition.com\/\",\"logo\":{\"@type\":\"ImageObject\",\"inLanguage\":\"lv-LV\",\"@id\":\"https:\/\/helesnutrition.com\/#\/schema\/logo\/image\/\",\"url\":\"https:\/\/helesnutrition.com\/wp-content\/uploads\/2023\/09\/HELES-NUTRITION-R.png\",\"contentUrl\":\"https:\/\/helesnutrition.com\/wp-content\/uploads\/2023\/09\/HELES-NUTRITION-R.png\",\"width\":370,\"height\":370,\"caption\":\"Heles Nutrition\"},\"image\":{\"@id\":\"https:\/\/helesnutrition.com\/#\/schema\/logo\/image\/\"},\"sameAs\":[\"https:\/\/www.facebook.com\/profile.php?id=100093681000442\",\"https:\/\/www.instagram.com\/helesnutrition\/\"]}]}<\/script>\n<!-- \/ Yoast SEO Premium plugin. -->","yoast_head_json":{"title":"Return Policy - Heles Nutrition","robots":{"index":"index","follow":"follow","max-snippet":"max-snippet:-1","max-image-preview":"max-image-preview:large","max-video-preview":"max-video-preview:-1"},"canonical":"https:\/\/helesnutrition.com\/lv\/return-policy\/","og_locale":"lv_LV","og_type":"article","og_title":"Return Policy","og_description":"Atgrie\u0161anas nosac\u012bjumi (atteikuma ties\u012bbas) 1. Atteikuma ties\u012bbas ir Pirc\u0113ja (fiziskas personas, kas Pat\u0113r\u0113t\u0101ju ties\u012bbu aizsardz\u012bbas likuma kontekst\u0101 ir \u201epat\u0113r\u0113t\u0101js\u201d) ties\u012bbas 14 dienu laik\u0101, skaitot no dienas, kad Pirc\u0113js vai Pirc\u0113ja nor\u0101d\u012bta tre\u0161\u0101 persona ir sa\u0146\u0113musi Preces, atteikties no Prec\u0113m saska\u0146\u0101 ar Atteikuma ties\u012bbu izmanto\u0161anas k\u0101rt\u012bbu. 2. Atteikuma ties\u012bbas nevar izmantot, ja Pirc\u0113js: 2. 1. ir [&hellip;]","og_url":"https:\/\/helesnutrition.com\/lv\/return-policy\/","og_site_name":"Heles Nutrition","article_publisher":"https:\/\/www.facebook.com\/profile.php?id=100093681000442","article_modified_time":"2023-10-04T10:00:23+00:00","twitter_card":"summary_large_image","twitter_misc":{"Est. reading time":"3 minutes"},"schema":{"@context":"https:\/\/schema.org","@graph":[{"@type":"WebPage","@id":"https:\/\/helesnutrition.com\/lv\/return-policy\/","url":"https:\/\/helesnutrition.com\/lv\/return-policy\/","name":"Return Policy - Heles Nutrition","isPartOf":{"@id":"https:\/\/helesnutrition.com\/#website"},"datePublished":"2023-09-21T06:31:39+00:00","dateModified":"2023-10-04T10:00:23+00:00","breadcrumb":{"@id":"https:\/\/helesnutrition.com\/lv\/return-policy\/#breadcrumb"},"inLanguage":"lv-LV","potentialAction":[{"@type":"ReadAction","target":["https:\/\/helesnutrition.com\/lv\/return-policy\/"]}]},{"@type":"BreadcrumbList","@id":"https:\/\/helesnutrition.com\/lv\/return-policy\/#breadcrumb","itemListElement":[{"@type":"ListItem","position":1,"name":"Home","item":"https:\/\/helesnutrition.com\/lv\/"},{"@type":"ListItem","position":2,"name":"Return Policy"}]},{"@type":"WebSite","@id":"https:\/\/helesnutrition.com\/#website","url":"https:\/\/helesnutrition.com\/","name":"Heles Nutrition","description":"Collagen is the basis of our body. Heles Nutrition\u00ae Collagen Peptides is a great solution to add collagen to our diet. Bovine Collagen Peptides. Hydrolyzed Collagen. Health &amp; Beauty. Heles Nutrition\u00ae Kolag\u0113na Pept\u012bdi. \u041f\u0435\u043f\u0442\u0438\u0434\u044b \u041a\u043e\u043b\u043b\u0430\u0433\u0435\u043d\u0430 Heles Nutrition\u00ae.","publisher":{"@id":"https:\/\/helesnutrition.com\/#organization"},"potentialAction":[{"@type":"SearchAction","target":{"@type":"EntryPoint","urlTemplate":"https:\/\/helesnutrition.com\/?s={search_term_string}"},"query-input":"required name=search_term_string"}],"inLanguage":"lv-LV"},{"@type":"Organization","@id":"https:\/\/helesnutrition.com\/#organization","name":"Heles Nutrition","url":"https:\/\/helesnutrition.com\/","logo":{"@type":"ImageObject","inLanguage":"lv-LV","@id":"https:\/\/helesnutrition.com\/#\/schema\/logo\/image\/","url":"https:\/\/helesnutrition.com\/wp-content\/uploads\/2023\/09\/HELES-NUTRITION-R.png","contentUrl":"https:\/\/helesnutrition.com\/wp-content\/uploads\/2023\/09\/HELES-NUTRITION-R.png","width":370,"height":370,"caption":"Heles Nutrition"},"image":{"@id":"https:\/\/helesnutrition.com\/#\/schema\/logo\/image\/"},"sameAs":["https:\/\/www.facebook.com\/profile.php?id=100093681000442","https:\/\/www.instagram.com\/helesnutrition\/"]}]}},"_links":{"self":[{"href":"https:\/\/helesnutrition.com\/lv\/wp-json\/wp\/v2\/pages\/3117"}],"collection":[{"href":"https:\/\/helesnutrition.com\/lv\/wp-json\/wp\/v2\/pages"}],"about":[{"href":"https:\/\/helesnutrition.com\/lv\/wp-json\/wp\/v2\/types\/page"}],"author":[{"embeddable":true,"href":"https:\/\/helesnutrition.com\/lv\/wp-json\/wp\/v2\/users\/2"}],"replies":[{"embeddable":true,"href":"https:\/\/helesnutrition.com\/lv\/wp-json\/wp\/v2\/comments?post=3117"}],"version-history":[{"count":8,"href":"https:\/\/helesnutrition.com\/lv\/wp-json\/wp\/v2\/pages\/3117\/revisions"}],"predecessor-version":[{"id":4116,"href":"https:\/\/helesnutrition.com\/lv\/wp-json\/wp\/v2\/pages\/3117\/revisions\/4116"}],"wp:attachment":[{"href":"https:\/\/helesnutrition.com\/lv\/wp-json\/wp\/v2\/media?parent=3117"}],"curies":[{"name":"wp","href":"https:\/\/api.w.org\/{rel}","templated":true}]}}